{"id":2223,"date":"2020-07-27T13:49:03","date_gmt":"2020-07-27T13:49:03","guid":{"rendered":"https:\/\/oxylow.com\/?page_id=2223"},"modified":"2023-01-26T16:22:36","modified_gmt":"2023-01-26T16:22:36","slug":"envasado-smart","status":"publish","type":"page","link":"https:\/\/oxylow.com\/es\/envasado-smart\/","title":{"rendered":"Envasado smart"},"content":{"rendered":"<div class=\"wpb-content-wrapper\"><p>[vc_row row_height_percent=\u00bb0&#8243; overlay_alpha=\u00bb50&#8243; gutter_size=\u00bb3&#8243; column_width_percent=\u00bb100&#8243; shift_y=\u00bb0&#8243; z_index=\u00bb0&#8243; medium_visibility=\u00bbyes\u00bb mobile_visibility=\u00bbyes\u00bb][vc_column width=\u00bb1\/1&#8243;][vc_row_inner row_inner_height_percent=\u00bb0&#8243; overlay_alpha=\u00bb50&#8243; equal_height=\u00bbyes\u00bb gutter_size=\u00bb2&#8243; shift_y=\u00bb0&#8243; z_index=\u00bb0&#8243; css=\u00bb.vc_custom_1596701696195{margin-bottom: 0px !important;padding-bottom: 0px !important;}\u00bb][vc_column_inner column_width_percent=\u00bb100&#8243; position_horizontal=\u00bbright\u00bb align_horizontal=\u00bbalign_right\u00bb gutter_size=\u00bb3&#8243; override_padding=\u00bbyes\u00bb column_padding=\u00bb1&#8243; overlay_alpha=\u00bb50&#8243; shift_x=\u00bb0&#8243; shift_y=\u00bb0&#8243; shift_y_down=\u00bb0&#8243; z_index=\u00bb0&#8243; medium_width=\u00bb0&#8243; mobile_width=\u00bb0&#8243; width=\u00bb1\/12&#8243;][vc_single_image media=\u00bb445&#8243; media_width_percent=\u00bb75&#8243; alignment=\u00bbright\u00bb][\/vc_column_inner][vc_column_inner column_width_percent=\u00bb100&#8243; gutter_size=\u00bb3&#8243; override_padding=\u00bbyes\u00bb column_padding=\u00bb1&#8243; overlay_alpha=\u00bb50&#8243; shift_x=\u00bb0&#8243; shift_y=\u00bb0&#8243; shift_y_down=\u00bb0&#8243; z_index=\u00bb0&#8243; medium_width=\u00bb0&#8243; mobile_width=\u00bb0&#8243; width=\u00bb5\/12&#8243;][vc_column_text uncode_shortcode_id=\u00bb195327&#8243;]<strong>Revestimiento herm\u00e9tico con barrera de ox\u00edgeno<\/strong><br \/>\nEl revestimiento SMART especialmente dise\u00f1ado se construye a partir de una estructura de pel\u00edcula multicapa que incluye una barrera de ox\u00edgeno. Este dise\u00f1o ofrece las propiedades excelentes de una barrera de ox\u00edgeno, adem\u00e1s de garantizar un refuerzo superior. Todas las materias primas utilizadas para la producci\u00f3n del revestimiento SMART cumplen con la Directiva Europea 2002\/72\/CE y la Directiva FDA CFR 117, relacionadas con materiales pl\u00e1sticos que entran en contacto con comida. El revestimiento SMART es 100% reciclable.[\/vc_column_text][\/vc_column_inner][vc_column_inner width=\u00bb1\/12&#8243;][vc_single_image media=\u00bb441&#8243; media_width_percent=\u00bb75&#8243; alignment=\u00bbright\u00bb][\/vc_column_inner][vc_column_inner width=\u00bb5\/12&#8243;][vc_column_text uncode_shortcode_id=\u00bb806563&#8243;]<strong>Equipo autom\u00e1tico de envasado con bajos niveles de ox\u00edgeno<\/strong><br \/>\nLas unidades de envasado de Oxy-Low envasan los productos alimenticios en condiciones bajas de ox\u00edgeno. Oxy-Low utiliza nitr\u00f3geno para reducir el ox\u00edgeno en el interior del envase, minimizando las fuerzas mec\u00e1nicas que se usan en el producto. Cada unidad se construye para cumplir con los requisitos espec\u00edficos de diversos productos y est\u00e1ndares de la industria. Toda la maquinaria cumple con el marcado CE.[\/vc_column_text][\/vc_column_inner][\/vc_row_inner][vc_row_inner row_inner_height_percent=\u00bb0&#8243; overlay_alpha=\u00bb50&#8243; equal_height=\u00bbyes\u00bb gutter_size=\u00bb2&#8243; shift_y=\u00bb0&#8243; z_index=\u00bb0&#8243; css=\u00bb.vc_custom_1596701696195{margin-bottom: 0px !important;padding-bottom: 0px !important;}\u00bb][vc_column_inner column_width_percent=\u00bb100&#8243; position_horizontal=\u00bbright\u00bb align_horizontal=\u00bbalign_right\u00bb gutter_size=\u00bb3&#8243; override_padding=\u00bbyes\u00bb column_padding=\u00bb1&#8243; overlay_alpha=\u00bb50&#8243; shift_x=\u00bb0&#8243; shift_y=\u00bb0&#8243; shift_y_down=\u00bb0&#8243; z_index=\u00bb0&#8243; medium_width=\u00bb0&#8243; mobile_width=\u00bb0&#8243; width=\u00bb1\/12&#8243;][vc_single_image media=\u00bb446&#8243; media_width_percent=\u00bb75&#8243; alignment=\u00bbright\u00bb][\/vc_column_inner][vc_column_inner column_width_percent=\u00bb100&#8243; gutter_size=\u00bb3&#8243; override_padding=\u00bbyes\u00bb column_padding=\u00bb1&#8243; overlay_alpha=\u00bb50&#8243; shift_x=\u00bb0&#8243; shift_y=\u00bb0&#8243; shift_y_down=\u00bb0&#8243; z_index=\u00bb0&#8243; medium_width=\u00bb0&#8243; mobile_width=\u00bb0&#8243; width=\u00bb5\/12&#8243;][vc_column_text uncode_shortcode_id=\u00bb157267&#8243;]<strong>Control efectivo de insectos y protecci\u00f3n contra la reinfestaci\u00f3n<\/strong><br \/>\nTodos los recubrimientos SMART garantizan la protecci\u00f3n del producto envasado contra los insectos durante su almacenamiento y transporte. Es la alternativa a las fumigaciones tradicionales (t\u00f3xicas), el almacenamiento en fr\u00edo y los tratamientos de congelaci\u00f3n. Mientras que las condiciones bajas en ox\u00edgeno en el interior del envase garantizan la eliminaci\u00f3n de los insectos, el recubrimiento sellado herm\u00e9ticamente SMART previene la reinfestaci\u00f3n.[\/vc_column_text][\/vc_column_inner][vc_column_inner width=\u00bb1\/12&#8243;][vc_single_image media=\u00bb450&#8243; media_width_percent=\u00bb75&#8243; alignment=\u00bbright\u00bb][\/vc_column_inner][vc_column_inner width=\u00bb5\/12&#8243;][vc_column_text uncode_shortcode_id=\u00bb110494&#8243;]<strong>Preservaci\u00f3n de calidad<\/strong><br \/>\nEl sistema de envasado de Oxy-Low ayuda a preservar la frescura de los productos ALIMENTICIOS protegi\u00e9ndolos de factores externos como la decoloraci\u00f3n, rancidez, p\u00e9rdida de peso y masa o la p\u00e9rdida de sabor y aroma. Los envases de Low Oxygen ayudan a prolongar el tiempo de conservaci\u00f3n de diferentes productos.[\/vc_column_text][\/vc_column_inner][\/vc_row_inner][\/vc_column][\/vc_row][vc_row row_height_percent=\u00bb0&#8243; override_padding=\u00bbyes\u00bb h_padding=\u00bb2&#8243; top_padding=\u00bb0&#8243; bottom_padding=\u00bb2&#8243; overlay_alpha=\u00bb50&#8243; gutter_size=\u00bb3&#8243; column_width_percent=\u00bb100&#8243; shift_y=\u00bb0&#8243; z_index=\u00bb0&#8243; desktop_visibility=\u00bbyes\u00bb][vc_column width=\u00bb1\/1&#8243;][vc_row_inner row_inner_height_percent=\u00bb0&#8243; overlay_alpha=\u00bb50&#8243; equal_height=\u00bbyes\u00bb gutter_size=\u00bb2&#8243; shift_y=\u00bb0&#8243; z_index=\u00bb0&#8243; css=\u00bb.vc_custom_1596701696195{margin-bottom: 0px !important;padding-bottom: 0px !important;}\u00bb][vc_column_inner column_width_percent=\u00bb100&#8243; position_horizontal=\u00bbright\u00bb align_horizontal=\u00bbalign_right\u00bb gutter_size=\u00bb3&#8243; override_padding=\u00bbyes\u00bb column_padding=\u00bb1&#8243; overlay_alpha=\u00bb50&#8243; shift_x=\u00bb0&#8243; shift_y=\u00bb0&#8243; shift_y_down=\u00bb0&#8243; z_index=\u00bb0&#8243; medium_width=\u00bb0&#8243; mobile_width=\u00bb0&#8243; width=\u00bb1\/12&#8243;][vc_single_image media=\u00bb445&#8243; media_width_use_pixel=\u00bbyes\u00bb media_width_pixel=\u00bb100&#8243;][\/vc_column_inner][vc_column_inner column_width_percent=\u00bb100&#8243; gutter_size=\u00bb3&#8243; override_padding=\u00bbyes\u00bb column_padding=\u00bb1&#8243; overlay_alpha=\u00bb50&#8243; shift_x=\u00bb0&#8243; shift_y=\u00bb0&#8243; shift_y_down=\u00bb0&#8243; z_index=\u00bb0&#8243; medium_width=\u00bb0&#8243; mobile_width=\u00bb0&#8243; width=\u00bb5\/12&#8243;][vc_column_text uncode_shortcode_id=\u00bb195327&#8243;]<strong>Revestimiento herm\u00e9tico con barrera de ox\u00edgeno<\/strong><br \/>\nEl revestimiento SMART especialmente dise\u00f1ado se construye a partir de una estructura de pel\u00edcula multicapa que incluye una barrera de ox\u00edgeno. Este dise\u00f1o ofrece las propiedades excelentes de una barrera de ox\u00edgeno, adem\u00e1s de garantizar un refuerzo superior. Todas las materias primas utilizadas para la producci\u00f3n del revestimiento SMART cumplen con la Directiva Europea 2002\/72\/CE y la Directiva FDA CFR 117, relacionadas con materiales pl\u00e1sticos que entran en contacto con comida. El revestimiento SMART es 100% reciclable.[\/vc_column_text][\/vc_column_inner][vc_column_inner width=\u00bb1\/12&#8243;][vc_single_image media=\u00bb441&#8243; media_width_use_pixel=\u00bbyes\u00bb media_width_pixel=\u00bb100&#8243;][\/vc_column_inner][vc_column_inner width=\u00bb5\/12&#8243;][vc_column_text uncode_shortcode_id=\u00bb806563&#8243;]<strong>Equipo autom\u00e1tico de envasado con bajos niveles de ox\u00edgeno<\/strong><br \/>\nLas unidades de envasado de Oxy-Low envasan los productos alimenticios en condiciones bajas de ox\u00edgeno. Oxy-Low utiliza nitr\u00f3geno para reducir el ox\u00edgeno en el interior del envase, minimizando las fuerzas mec\u00e1nicas que se usan en el producto. Cada unidad se construye para cumplir con los requisitos espec\u00edficos de diversos productos y est\u00e1ndares de la industria. Toda la maquinaria cumple con el marcado CE.[\/vc_column_text][\/vc_column_inner][\/vc_row_inner][vc_row_inner row_inner_height_percent=\u00bb0&#8243; overlay_alpha=\u00bb50&#8243; equal_height=\u00bbyes\u00bb gutter_size=\u00bb2&#8243; shift_y=\u00bb0&#8243; z_index=\u00bb0&#8243; css=\u00bb.vc_custom_1596701696195{margin-bottom: 0px !important;padding-bottom: 0px !important;}\u00bb][vc_column_inner column_width_percent=\u00bb100&#8243; position_horizontal=\u00bbright\u00bb align_horizontal=\u00bbalign_right\u00bb gutter_size=\u00bb3&#8243; override_padding=\u00bbyes\u00bb column_padding=\u00bb1&#8243; overlay_alpha=\u00bb50&#8243; shift_x=\u00bb0&#8243; shift_y=\u00bb0&#8243; shift_y_down=\u00bb0&#8243; z_index=\u00bb0&#8243; medium_width=\u00bb0&#8243; mobile_width=\u00bb0&#8243; width=\u00bb1\/12&#8243;][vc_single_image media=\u00bb446&#8243; media_width_use_pixel=\u00bbyes\u00bb media_width_pixel=\u00bb100&#8243;][\/vc_column_inner][vc_column_inner column_width_percent=\u00bb100&#8243; gutter_size=\u00bb3&#8243; override_padding=\u00bbyes\u00bb column_padding=\u00bb1&#8243; overlay_alpha=\u00bb50&#8243; shift_x=\u00bb0&#8243; shift_y=\u00bb0&#8243; shift_y_down=\u00bb0&#8243; z_index=\u00bb0&#8243; medium_width=\u00bb0&#8243; mobile_width=\u00bb0&#8243; width=\u00bb5\/12&#8243;][vc_column_text uncode_shortcode_id=\u00bb157267&#8243;]<strong>Control efectivo de insectos y protecci\u00f3n contra la reinfestaci\u00f3n<\/strong><br \/>\nTodos los recubrimientos SMART garantizan la protecci\u00f3n del producto envasado contra los insectos durante su almacenamiento y transporte. Es la alternativa a las fumigaciones tradicionales (t\u00f3xicas), el almacenamiento en fr\u00edo y los tratamientos de congelaci\u00f3n. Mientras que las condiciones bajas en ox\u00edgeno en el interior del envase garantizan la eliminaci\u00f3n de los insectos, el recubrimiento sellado herm\u00e9ticamente SMART previene la reinfestaci\u00f3n.[\/vc_column_text][\/vc_column_inner][vc_column_inner width=\u00bb1\/12&#8243;][vc_single_image media=\u00bb450&#8243; media_width_use_pixel=\u00bbyes\u00bb media_width_pixel=\u00bb100&#8243;][\/vc_column_inner][vc_column_inner width=\u00bb5\/12&#8243;][vc_column_text uncode_shortcode_id=\u00bb110494&#8243;]<strong>Preservaci\u00f3n de calidad<\/strong><br \/>\nEl sistema de envasado de Oxy-Low ayuda a preservar la frescura de los productos ALIMENTICIOS protegi\u00e9ndolos de factores externos como la decoloraci\u00f3n, rancidez, p\u00e9rdida de peso y masa o la p\u00e9rdida de sabor y aroma. Los envases de Low Oxygen ayudan a prolongar el tiempo de conservaci\u00f3n de diferentes productos.[\/vc_column_text][\/vc_column_inner][\/vc_row_inner][\/vc_column][\/vc_row][vc_row row_height_percent=\u00bb0&#8243; back_image=\u00bb74&#8243; back_repeat=\u00bbno-repeat\u00bb back_attachment=\u00bbscroll\u00bb overlay_alpha=\u00bb50&#8243; gutter_size=\u00bb3&#8243; column_width_percent=\u00bb100&#8243; shift_y=\u00bb0&#8243; z_index=\u00bb0&#8243;][vc_column width=\u00bb1\/1&#8243;][uncode_block id=\u00bb2227&#8243;][\/vc_column][\/vc_row][vc_row][vc_column width=\u00bb1\/1&#8243;][uncode_block id=\u00bb2229&#8243;][\/vc_column][\/vc_row][vc_row row_height_percent=\u00bb0&#8243; back_image=\u00bb74&#8243; back_repeat=\u00bbno-repeat\u00bb back_attachment=\u00bbscroll\u00bb overlay_alpha=\u00bb50&#8243; gutter_size=\u00bb3&#8243; column_width_percent=\u00bb100&#8243; shift_y=\u00bb0&#8243; z_index=\u00bb0&#8243;][vc_column width=\u00bb1\/1&#8243;][uncode_block id=\u00bb2200&#8243;][\/vc_column][\/vc_row][vc_row][vc_column width=\u00bb1\/1&#8243;][uncode_block id=\u00bb2204&#8243;][\/vc_column][\/vc_row]<\/p>\n<\/div>","protected":false},"excerpt":{"rendered":"<p>[vc_row row_height_percent=\u00bb0&#8243; overlay_alpha=\u00bb50&#8243; gutter_size=\u00bb3&#8243; column_width_percent=\u00bb100&#8243; shift_y=\u00bb0&#8243; z_index=\u00bb0&#8243; medium_visibility=\u00bbyes\u00bb mobile_visibility=\u00bbyes\u00bb][vc_column width=\u00bb1\/1&#8243;][vc_row_inner row_inner_height_percent=\u00bb0&#8243; overlay_alpha=\u00bb50&#8243; equal_height=\u00bbyes\u00bb gutter_size=\u00bb2&#8243; shift_y=\u00bb0&#8243; z_index=\u00bb0&#8243; css=\u00bb.vc_custom_1596701696195{margin-bottom: 0px !important;padding-bottom: 0px [&hellip;]<\/p>\n","protected":false},"author":1,"featured_media":2014,"parent":0,"menu_order":0,"comment_status":"closed","ping_status":"closed","template":"","meta":{"content-type":"","footnotes":""},"class_list":["post-2223","page","type-page","status-publish","has-post-thumbnail","hentry"],"yoast_head":"<!-- This site is optimized with the Yoast SEO plugin v27.3 - https:\/\/yoast.com\/product\/yoast-seo-wordpress\/ -->\n<title>Envasado smart - Oxylow<\/title>\n<meta name=\"description\" content=\"El empaquetado de Oxy-Low est\u00e1 dise\u00f1ado para envasar productos en condiciones de bajo nivel de ox\u00edgeno.\" \/>\n<meta name=\"robots\" content=\"index, follow, max-snippet:-1, max-image-preview:large, max-video-preview:-1\" \/>\n<link rel=\"canonical\" href=\"https:\/\/oxylow.com\/es\/envasado-smart\/\" \/>\n<meta property=\"og:locale\" content=\"es_ES\" \/>\n<meta property=\"og:type\" content=\"article\" \/>\n<meta property=\"og:title\" content=\"Envasado smart - Oxylow\" \/>\n<meta property=\"og:description\" content=\"El empaquetado de Oxy-Low est\u00e1 dise\u00f1ado para envasar productos en condiciones de bajo nivel de ox\u00edgeno.\" \/>\n<meta property=\"og:url\" content=\"https:\/\/oxylow.com\/es\/envasado-smart\/\" \/>\n<meta property=\"og:site_name\" content=\"Oxylow\" \/>\n<meta property=\"article:modified_time\" content=\"2023-01-26T16:22:36+00:00\" \/>\n<meta property=\"og:image\" content=\"https:\/\/oxylow.com\/wp-content\/uploads\/2020\/08\/Oxylow-SP-SFS-FI.jpg\" \/>\n\t<meta property=\"og:image:width\" content=\"1000\" \/>\n\t<meta property=\"og:image:height\" content=\"800\" \/>\n\t<meta property=\"og:image:type\" content=\"image\/jpeg\" \/>\n<meta name=\"twitter:card\" content=\"summary_large_image\" \/>\n<meta name=\"twitter:label1\" content=\"Tiempo de lectura\" \/>\n\t<meta name=\"twitter:data1\" content=\"4 minutos\" \/>\n<script type=\"application\/ld+json\" class=\"yoast-schema-graph\">{\"@context\":\"https:\\\/\\\/schema.org\",\"@graph\":[{\"@type\":\"WebPage\",\"@id\":\"https:\\\/\\\/oxylow.com\\\/es\\\/envasado-smart\\\/\",\"url\":\"https:\\\/\\\/oxylow.com\\\/es\\\/envasado-smart\\\/\",\"name\":\"Envasado smart - Oxylow\",\"isPartOf\":{\"@id\":\"https:\\\/\\\/oxylow.com\\\/es\\\/#website\"},\"primaryImageOfPage\":{\"@id\":\"https:\\\/\\\/oxylow.com\\\/es\\\/envasado-smart\\\/#primaryimage\"},\"image\":{\"@id\":\"https:\\\/\\\/oxylow.com\\\/es\\\/envasado-smart\\\/#primaryimage\"},\"thumbnailUrl\":\"https:\\\/\\\/oxylow.com\\\/wp-content\\\/uploads\\\/2020\\\/08\\\/Oxylow-SP-SFS-FI.jpg\",\"datePublished\":\"2020-07-27T13:49:03+00:00\",\"dateModified\":\"2023-01-26T16:22:36+00:00\",\"description\":\"El empaquetado de Oxy-Low est\u00e1 dise\u00f1ado para envasar productos en condiciones de bajo nivel de ox\u00edgeno.\",\"breadcrumb\":{\"@id\":\"https:\\\/\\\/oxylow.com\\\/es\\\/envasado-smart\\\/#breadcrumb\"},\"inLanguage\":\"es\",\"potentialAction\":[{\"@type\":\"ReadAction\",\"target\":[\"https:\\\/\\\/oxylow.com\\\/es\\\/envasado-smart\\\/\"]}]},{\"@type\":\"ImageObject\",\"inLanguage\":\"es\",\"@id\":\"https:\\\/\\\/oxylow.com\\\/es\\\/envasado-smart\\\/#primaryimage\",\"url\":\"https:\\\/\\\/oxylow.com\\\/wp-content\\\/uploads\\\/2020\\\/08\\\/Oxylow-SP-SFS-FI.jpg\",\"contentUrl\":\"https:\\\/\\\/oxylow.com\\\/wp-content\\\/uploads\\\/2020\\\/08\\\/Oxylow-SP-SFS-FI.jpg\",\"width\":1000,\"height\":800},{\"@type\":\"BreadcrumbList\",\"@id\":\"https:\\\/\\\/oxylow.com\\\/es\\\/envasado-smart\\\/#breadcrumb\",\"itemListElement\":[{\"@type\":\"ListItem\",\"position\":1,\"name\":\"Home\",\"item\":\"https:\\\/\\\/oxylow.com\\\/es\\\/\"},{\"@type\":\"ListItem\",\"position\":2,\"name\":\"Envasado smart\"}]},{\"@type\":\"WebSite\",\"@id\":\"https:\\\/\\\/oxylow.com\\\/es\\\/#website\",\"url\":\"https:\\\/\\\/oxylow.com\\\/es\\\/\",\"name\":\"Oxylow\",\"description\":\"Commodity protection\",\"potentialAction\":[{\"@type\":\"SearchAction\",\"target\":{\"@type\":\"EntryPoint\",\"urlTemplate\":\"https:\\\/\\\/oxylow.com\\\/es\\\/?s={search_term_string}\"},\"query-input\":{\"@type\":\"PropertyValueSpecification\",\"valueRequired\":true,\"valueName\":\"search_term_string\"}}],\"inLanguage\":\"es\"}]}<\/script>\n<!-- \/ Yoast SEO plugin. -->","yoast_head_json":{"title":"Envasado smart - Oxylow","description":"El empaquetado de Oxy-Low est\u00e1 dise\u00f1ado para envasar productos en condiciones de bajo nivel de ox\u00edgeno.","robots":{"index":"index","follow":"follow","max-snippet":"max-snippet:-1","max-image-preview":"max-image-preview:large","max-video-preview":"max-video-preview:-1"},"canonical":"https:\/\/oxylow.com\/es\/envasado-smart\/","og_locale":"es_ES","og_type":"article","og_title":"Envasado smart - Oxylow","og_description":"El empaquetado de Oxy-Low est\u00e1 dise\u00f1ado para envasar productos en condiciones de bajo nivel de ox\u00edgeno.","og_url":"https:\/\/oxylow.com\/es\/envasado-smart\/","og_site_name":"Oxylow","article_modified_time":"2023-01-26T16:22:36+00:00","og_image":[{"width":1000,"height":800,"url":"https:\/\/oxylow.com\/wp-content\/uploads\/2020\/08\/Oxylow-SP-SFS-FI.jpg","type":"image\/jpeg"}],"twitter_card":"summary_large_image","twitter_misc":{"Tiempo de lectura":"4 minutos"},"schema":{"@context":"https:\/\/schema.org","@graph":[{"@type":"WebPage","@id":"https:\/\/oxylow.com\/es\/envasado-smart\/","url":"https:\/\/oxylow.com\/es\/envasado-smart\/","name":"Envasado smart - Oxylow","isPartOf":{"@id":"https:\/\/oxylow.com\/es\/#website"},"primaryImageOfPage":{"@id":"https:\/\/oxylow.com\/es\/envasado-smart\/#primaryimage"},"image":{"@id":"https:\/\/oxylow.com\/es\/envasado-smart\/#primaryimage"},"thumbnailUrl":"https:\/\/oxylow.com\/wp-content\/uploads\/2020\/08\/Oxylow-SP-SFS-FI.jpg","datePublished":"2020-07-27T13:49:03+00:00","dateModified":"2023-01-26T16:22:36+00:00","description":"El empaquetado de Oxy-Low est\u00e1 dise\u00f1ado para envasar productos en condiciones de bajo nivel de ox\u00edgeno.","breadcrumb":{"@id":"https:\/\/oxylow.com\/es\/envasado-smart\/#breadcrumb"},"inLanguage":"es","potentialAction":[{"@type":"ReadAction","target":["https:\/\/oxylow.com\/es\/envasado-smart\/"]}]},{"@type":"ImageObject","inLanguage":"es","@id":"https:\/\/oxylow.com\/es\/envasado-smart\/#primaryimage","url":"https:\/\/oxylow.com\/wp-content\/uploads\/2020\/08\/Oxylow-SP-SFS-FI.jpg","contentUrl":"https:\/\/oxylow.com\/wp-content\/uploads\/2020\/08\/Oxylow-SP-SFS-FI.jpg","width":1000,"height":800},{"@type":"BreadcrumbList","@id":"https:\/\/oxylow.com\/es\/envasado-smart\/#breadcrumb","itemListElement":[{"@type":"ListItem","position":1,"name":"Home","item":"https:\/\/oxylow.com\/es\/"},{"@type":"ListItem","position":2,"name":"Envasado smart"}]},{"@type":"WebSite","@id":"https:\/\/oxylow.com\/es\/#website","url":"https:\/\/oxylow.com\/es\/","name":"Oxylow","description":"Commodity protection","potentialAction":[{"@type":"SearchAction","target":{"@type":"EntryPoint","urlTemplate":"https:\/\/oxylow.com\/es\/?s={search_term_string}"},"query-input":{"@type":"PropertyValueSpecification","valueRequired":true,"valueName":"search_term_string"}}],"inLanguage":"es"}]}},"_links":{"self":[{"href":"https:\/\/oxylow.com\/es\/wp-json\/wp\/v2\/pages\/2223","targetHints":{"allow":["GET"]}}],"collection":[{"href":"https:\/\/oxylow.com\/es\/wp-json\/wp\/v2\/pages"}],"about":[{"href":"https:\/\/oxylow.com\/es\/wp-json\/wp\/v2\/types\/page"}],"author":[{"embeddable":true,"href":"https:\/\/oxylow.com\/es\/wp-json\/wp\/v2\/users\/1"}],"replies":[{"embeddable":true,"href":"https:\/\/oxylow.com\/es\/wp-json\/wp\/v2\/comments?post=2223"}],"version-history":[{"count":3,"href":"https:\/\/oxylow.com\/es\/wp-json\/wp\/v2\/pages\/2223\/revisions"}],"predecessor-version":[{"id":2457,"href":"https:\/\/oxylow.com\/es\/wp-json\/wp\/v2\/pages\/2223\/revisions\/2457"}],"wp:featuredmedia":[{"embeddable":true,"href":"https:\/\/oxylow.com\/es\/wp-json\/wp\/v2\/media\/2014"}],"wp:attachment":[{"href":"https:\/\/oxylow.com\/es\/wp-json\/wp\/v2\/media?parent=2223"}],"curies":[{"name":"wp","href":"https:\/\/api.w.org\/{rel}","templated":true}]}}