{"id":2232,"date":"2020-07-28T11:24:10","date_gmt":"2020-07-28T11:24:10","guid":{"rendered":"https:\/\/oxylow.com\/?page_id=2232"},"modified":"2023-06-07T09:28:41","modified_gmt":"2023-06-07T09:28:41","slug":"camaras-de-atmosfera-controlada","status":"publish","type":"page","link":"https:\/\/oxylow.com\/es\/camaras-de-atmosfera-controlada\/","title":{"rendered":"C\u00e1maras de atm\u00f3sfera controlada"},"content":{"rendered":"<div class=\"wpb-content-wrapper\"><p>[vc_row row_height_percent=\u00bb0&#8243; override_padding=\u00bbyes\u00bb h_padding=\u00bb2&#8243; top_padding=\u00bb1&#8243; bottom_padding=\u00bb2&#8243; overlay_alpha=\u00bb50&#8243; gutter_size=\u00bb3&#8243; column_width_percent=\u00bb100&#8243; shift_y=\u00bb0&#8243; z_index=\u00bb0&#8243;][vc_column width=\u00bb1\/1&#8243;][vc_row_inner][vc_column_inner width=\u00bb4\/6&#8243;][vc_column_text uncode_shortcode_id=\u00bb188333&#8243;]<\/p>\n<h2>C\u00e1maras de MAP SMART con control din\u00e1mico de energ\u00eda<\/h2>\n<p>Las c\u00e1maras herm\u00e9ticas SMART MAP exponen los productos infestados a bajos niveles de ox\u00edgeno (tratamiento de atm\u00f3sfera controlada) sin hacer uso de qu\u00edmicos t\u00f3xicos. El tratamiento controla todas las etapas de los insectos, desde que se encuentran en los huevos hasta su vida adulta. La atm\u00f3sfera controlada es la soluci\u00f3n para la resistencia de los insectos contra la fosfina. Este tratamiento no deja residuos en los productos. Garantiza la invariabilidad en la calidad, sabor y color del producto tratado.<\/p>\n<p>Nuestras c\u00e1maras SMART de MAP est\u00e1n equipadas con un sistema de Control de Energ\u00eda Din\u00e1mica (DEC\u00ae) que permite ahorros adicionales de energ\u00eda de hasta un 70% comparados con las c\u00e1maras MAP que funcionan con un sistema de calefacci\u00f3n tradicional.<br \/>\n[\/vc_column_text][\/vc_column_inner][vc_column_inner width=\u00bb2\/6&#8243;][vc_empty_space empty_h=\u00bb2&#8243;][vc_single_image media=\u00bb1270&#8243; media_width_percent=\u00bb100&#8243;][\/vc_column_inner][\/vc_row_inner][vc_row_inner row_inner_height_percent=\u00bb0&#8243; overlay_alpha=\u00bb50&#8243; gutter_size=\u00bb3&#8243; shift_y=\u00bb0&#8243; z_index=\u00bb0&#8243; el_id=\u00bbca-container\u00bb][vc_column_inner width=\u00bb1\/1&#8243;][vc_column_text]<\/p>\n<hr \/>\n<p>[\/vc_column_text][\/vc_column_inner][\/vc_row_inner][vc_row_inner row_inner_height_percent=\u00bb0&#8243; overlay_alpha=\u00bb50&#8243; gutter_size=\u00bb3&#8243; shift_y=\u00bb0&#8243; z_index=\u00bb0&#8243;][vc_column_inner width=\u00bb4\/6&#8243;][vc_column_text uncode_shortcode_id=\u00bb682518&#8243;]<\/p>\n<h2>Envases de atm\u00f3sfera controlada<\/h2>\n<p>El tratamiento de envases de atm\u00f3sfera controlada es un m\u00e9todo para el control de insectos en un envase herm\u00e9tico. El envase herm\u00e9tico crea un ambiente en el que las concentraciones de ox\u00edgeno y nitr\u00f3geno, as\u00ed como la temperatura y la humedad, est\u00e1n reguladas. Este m\u00e9todo puede aplicarse a diferentes productos. Es una alternativa a las fumigaciones con fosfina, sin sustancias t\u00f3xicas, segura y respetuosa con el medio ambiente.<\/p>\n<p>El envase herm\u00e9tico tiene un uso flexible, es transportable y no necesita almacenamiento.<br \/>\n[\/vc_column_text][\/vc_column_inner][vc_column_inner width=\u00bb2\/6&#8243;][vc_gallery el_id=\u00bbgallery-114205&#8243; type=\u00bbcarousel\u00bb medias=\u00bb1706,1621,1622&#8243; carousel_lg=\u00bb1&#8243; carousel_md=\u00bb2&#8243; carousel_sm=\u00bb1&#8243; gutter_size=\u00bb3&#8243; media_items=\u00bbmedia|lightbox|original\u00bb carousel_interval=\u00bb3000&#8243; carousel_navspeed=\u00bb400&#8243; carousel_loop=\u00bbyes\u00bb carousel_nav=\u00bbyes\u00bb carousel_dots=\u00bbyes\u00bb carousel_dots_mobile=\u00bbyes\u00bb carousel_dots_inside=\u00bbyes\u00bb carousel_dot_padding=\u00bb2&#8243; stage_padding=\u00bb0&#8243; single_overlay_opacity=\u00bb50&#8243; single_padding=\u00bb2&#8243; title=\u00bbCa container Oxy-Low\u00bb][\/vc_column_inner][\/vc_row_inner][vc_row_inner row_inner_height_percent=\u00bb0&#8243; overlay_alpha=\u00bb50&#8243; gutter_size=\u00bb3&#8243; shift_y=\u00bb0&#8243; z_index=\u00bb0&#8243;][vc_column_inner width=\u00bb1\/1&#8243;][vc_single_image media=\u00bb2601&#8243; media_width_percent=\u00bb100&#8243; uncode_shortcode_id=\u00bb155964&#8243;][\/vc_column_inner][\/vc_row_inner][\/vc_column][\/vc_row][vc_row row_height_percent=\u00bb0&#8243; back_image=\u00bb74&#8243; back_repeat=\u00bbno-repeat\u00bb back_attachment=\u00bbscroll\u00bb overlay_alpha=\u00bb50&#8243; gutter_size=\u00bb3&#8243; column_width_percent=\u00bb100&#8243; shift_y=\u00bb0&#8243; z_index=\u00bb0&#8243;][vc_column width=\u00bb1\/1&#8243;][uncode_block id=\u00bb2238&#8243;][\/vc_column][\/vc_row][vc_row unlock_row_content=\u00bbyes\u00bb row_height_percent=\u00bb0&#8243; override_padding=\u00bbyes\u00bb h_padding=\u00bb0&#8243; top_padding=\u00bb0&#8243; bottom_padding=\u00bb0&#8243; overlay_alpha=\u00bb50&#8243; gutter_size=\u00bb3&#8243; column_width_percent=\u00bb100&#8243; shift_y=\u00bb0&#8243; z_index=\u00bb0&#8243;][vc_column width=\u00bb1\/1&#8243;][vc_gallery el_id=\u00bbgallery-172379&#8243; type=\u00bbcarousel\u00bb medias=\u00bb517,519,520,1062,522,518&#8243; carousel_lg=\u00bb5&#8243; carousel_md=\u00bb4&#8243; carousel_sm=\u00bb2&#8243; gutter_size=\u00bb0&#8243; media_items=\u00bbmedia|lightbox|original\u00bb carousel_height=\u00bbequal\u00bb carousel_interval=\u00bb5000&#8243; carousel_navspeed=\u00bb400&#8243; carousel_loop=\u00bbyes\u00bb carousel_nav=\u00bbyes\u00bb carousel_autoh=\u00bbyes\u00bb stage_padding=\u00bb0&#8243; single_style=\u00bbdark\u00bb single_overlay_color=\u00bbcolor-xsdn\u00bb single_overlay_opacity=\u00bb10&#8243; single_padding=\u00bb2&#8243; single_border=\u00bbyes\u00bb][\/vc_column][\/vc_row][vc_row row_height_percent=\u00bb0&#8243; back_image=\u00bb74&#8243; back_repeat=\u00bbno-repeat\u00bb back_attachment=\u00bbscroll\u00bb overlay_alpha=\u00bb50&#8243; gutter_size=\u00bb3&#8243; column_width_percent=\u00bb100&#8243; shift_y=\u00bb0&#8243; z_index=\u00bb0&#8243;][vc_column width=\u00bb1\/1&#8243;][uncode_block id=\u00bb2200&#8243;][\/vc_column][\/vc_row][vc_row][vc_column width=\u00bb1\/1&#8243;][uncode_block id=\u00bb2204&#8243;][\/vc_column][\/vc_row]<\/p>\n<\/div>","protected":false},"excerpt":{"rendered":"<p>[vc_row row_height_percent=\u00bb0&#8243; override_padding=\u00bbyes\u00bb h_padding=\u00bb2&#8243; top_padding=\u00bb1&#8243; bottom_padding=\u00bb2&#8243; overlay_alpha=\u00bb50&#8243; gutter_size=\u00bb3&#8243; column_width_percent=\u00bb100&#8243; shift_y=\u00bb0&#8243; z_index=\u00bb0&#8243;][vc_column width=\u00bb1\/1&#8243;][vc_row_inner][vc_column_inner width=\u00bb4\/6&#8243;][vc_column_text uncode_shortcode_id=\u00bb188333&#8243;] C\u00e1maras de MAP SMART con control [&hellip;]<\/p>\n","protected":false},"author":1,"featured_media":2119,"parent":0,"menu_order":0,"comment_status":"closed","ping_status":"closed","template":"","meta":{"content-type":"","footnotes":""},"class_list":["post-2232","page","type-page","status-publish","has-post-thumbnail","hentry"],"yoast_head":"<!-- This site is optimized with the Yoast SEO plugin v27.3 - https:\/\/yoast.com\/product\/yoast-seo-wordpress\/ -->\n<title>C\u00e1maras de atm\u00f3sfera controlada - Oxylow<\/title>\n<meta name=\"description\" content=\"La atm\u00f3sfera controlada es un m\u00e9todo de tratamiento para el control de insectos. Las c\u00e1maras herm\u00e9ticas crean un ambiente en el que las ...\" \/>\n<meta name=\"robots\" content=\"index, follow, max-snippet:-1, max-image-preview:large, max-video-preview:-1\" \/>\n<link rel=\"canonical\" href=\"https:\/\/oxylow.com\/es\/camaras-de-atmosfera-controlada\/\" \/>\n<meta property=\"og:locale\" content=\"es_ES\" \/>\n<meta property=\"og:type\" content=\"article\" \/>\n<meta property=\"og:title\" content=\"C\u00e1maras de atm\u00f3sfera controlada - Oxylow\" \/>\n<meta property=\"og:description\" content=\"La atm\u00f3sfera controlada es un m\u00e9todo de tratamiento para el control de insectos. Las c\u00e1maras herm\u00e9ticas crean un ambiente en el que las ...\" \/>\n<meta property=\"og:url\" content=\"https:\/\/oxylow.com\/es\/camaras-de-atmosfera-controlada\/\" \/>\n<meta property=\"og:site_name\" content=\"Oxylow\" \/>\n<meta property=\"article:modified_time\" content=\"2023-06-07T09:28:41+00:00\" \/>\n<meta property=\"og:image\" content=\"https:\/\/oxylow.com\/wp-content\/uploads\/2020\/08\/Oxylow-CA-chambers-7.jpg\" \/>\n\t<meta property=\"og:image:width\" content=\"1680\" \/>\n\t<meta property=\"og:image:height\" content=\"1280\" \/>\n\t<meta property=\"og:image:type\" content=\"image\/jpeg\" \/>\n<meta name=\"twitter:card\" content=\"summary_large_image\" \/>\n<meta name=\"twitter:label1\" content=\"Tiempo de lectura\" \/>\n\t<meta name=\"twitter:data1\" content=\"2 minutos\" \/>\n<script type=\"application\/ld+json\" class=\"yoast-schema-graph\">{\"@context\":\"https:\\\/\\\/schema.org\",\"@graph\":[{\"@type\":\"WebPage\",\"@id\":\"https:\\\/\\\/oxylow.com\\\/es\\\/camaras-de-atmosfera-controlada\\\/\",\"url\":\"https:\\\/\\\/oxylow.com\\\/es\\\/camaras-de-atmosfera-controlada\\\/\",\"name\":\"C\u00e1maras de atm\u00f3sfera controlada - Oxylow\",\"isPartOf\":{\"@id\":\"https:\\\/\\\/oxylow.com\\\/es\\\/#website\"},\"primaryImageOfPage\":{\"@id\":\"https:\\\/\\\/oxylow.com\\\/es\\\/camaras-de-atmosfera-controlada\\\/#primaryimage\"},\"image\":{\"@id\":\"https:\\\/\\\/oxylow.com\\\/es\\\/camaras-de-atmosfera-controlada\\\/#primaryimage\"},\"thumbnailUrl\":\"https:\\\/\\\/oxylow.com\\\/wp-content\\\/uploads\\\/2020\\\/08\\\/Oxylow-CA-chambers-7.jpg\",\"datePublished\":\"2020-07-28T11:24:10+00:00\",\"dateModified\":\"2023-06-07T09:28:41+00:00\",\"description\":\"La atm\u00f3sfera controlada es un m\u00e9todo de tratamiento para el control de insectos. Las c\u00e1maras herm\u00e9ticas crean un ambiente en el que las ...\",\"breadcrumb\":{\"@id\":\"https:\\\/\\\/oxylow.com\\\/es\\\/camaras-de-atmosfera-controlada\\\/#breadcrumb\"},\"inLanguage\":\"es\",\"potentialAction\":[{\"@type\":\"ReadAction\",\"target\":[\"https:\\\/\\\/oxylow.com\\\/es\\\/camaras-de-atmosfera-controlada\\\/\"]}]},{\"@type\":\"ImageObject\",\"inLanguage\":\"es\",\"@id\":\"https:\\\/\\\/oxylow.com\\\/es\\\/camaras-de-atmosfera-controlada\\\/#primaryimage\",\"url\":\"https:\\\/\\\/oxylow.com\\\/wp-content\\\/uploads\\\/2020\\\/08\\\/Oxylow-CA-chambers-7.jpg\",\"contentUrl\":\"https:\\\/\\\/oxylow.com\\\/wp-content\\\/uploads\\\/2020\\\/08\\\/Oxylow-CA-chambers-7.jpg\",\"width\":1680,\"height\":1280},{\"@type\":\"BreadcrumbList\",\"@id\":\"https:\\\/\\\/oxylow.com\\\/es\\\/camaras-de-atmosfera-controlada\\\/#breadcrumb\",\"itemListElement\":[{\"@type\":\"ListItem\",\"position\":1,\"name\":\"Home\",\"item\":\"https:\\\/\\\/oxylow.com\\\/es\\\/\"},{\"@type\":\"ListItem\",\"position\":2,\"name\":\"C\u00e1maras de atm\u00f3sfera controlada\"}]},{\"@type\":\"WebSite\",\"@id\":\"https:\\\/\\\/oxylow.com\\\/es\\\/#website\",\"url\":\"https:\\\/\\\/oxylow.com\\\/es\\\/\",\"name\":\"Oxylow\",\"description\":\"Commodity protection\",\"potentialAction\":[{\"@type\":\"SearchAction\",\"target\":{\"@type\":\"EntryPoint\",\"urlTemplate\":\"https:\\\/\\\/oxylow.com\\\/es\\\/?s={search_term_string}\"},\"query-input\":{\"@type\":\"PropertyValueSpecification\",\"valueRequired\":true,\"valueName\":\"search_term_string\"}}],\"inLanguage\":\"es\"}]}<\/script>\n<!-- \/ Yoast SEO plugin. -->","yoast_head_json":{"title":"C\u00e1maras de atm\u00f3sfera controlada - Oxylow","description":"La atm\u00f3sfera controlada es un m\u00e9todo de tratamiento para el control de insectos. Las c\u00e1maras herm\u00e9ticas crean un ambiente en el que las ...","robots":{"index":"index","follow":"follow","max-snippet":"max-snippet:-1","max-image-preview":"max-image-preview:large","max-video-preview":"max-video-preview:-1"},"canonical":"https:\/\/oxylow.com\/es\/camaras-de-atmosfera-controlada\/","og_locale":"es_ES","og_type":"article","og_title":"C\u00e1maras de atm\u00f3sfera controlada - Oxylow","og_description":"La atm\u00f3sfera controlada es un m\u00e9todo de tratamiento para el control de insectos. Las c\u00e1maras herm\u00e9ticas crean un ambiente en el que las ...","og_url":"https:\/\/oxylow.com\/es\/camaras-de-atmosfera-controlada\/","og_site_name":"Oxylow","article_modified_time":"2023-06-07T09:28:41+00:00","og_image":[{"width":1680,"height":1280,"url":"https:\/\/oxylow.com\/wp-content\/uploads\/2020\/08\/Oxylow-CA-chambers-7.jpg","type":"image\/jpeg"}],"twitter_card":"summary_large_image","twitter_misc":{"Tiempo de lectura":"2 minutos"},"schema":{"@context":"https:\/\/schema.org","@graph":[{"@type":"WebPage","@id":"https:\/\/oxylow.com\/es\/camaras-de-atmosfera-controlada\/","url":"https:\/\/oxylow.com\/es\/camaras-de-atmosfera-controlada\/","name":"C\u00e1maras de atm\u00f3sfera controlada - Oxylow","isPartOf":{"@id":"https:\/\/oxylow.com\/es\/#website"},"primaryImageOfPage":{"@id":"https:\/\/oxylow.com\/es\/camaras-de-atmosfera-controlada\/#primaryimage"},"image":{"@id":"https:\/\/oxylow.com\/es\/camaras-de-atmosfera-controlada\/#primaryimage"},"thumbnailUrl":"https:\/\/oxylow.com\/wp-content\/uploads\/2020\/08\/Oxylow-CA-chambers-7.jpg","datePublished":"2020-07-28T11:24:10+00:00","dateModified":"2023-06-07T09:28:41+00:00","description":"La atm\u00f3sfera controlada es un m\u00e9todo de tratamiento para el control de insectos. Las c\u00e1maras herm\u00e9ticas crean un ambiente en el que las ...","breadcrumb":{"@id":"https:\/\/oxylow.com\/es\/camaras-de-atmosfera-controlada\/#breadcrumb"},"inLanguage":"es","potentialAction":[{"@type":"ReadAction","target":["https:\/\/oxylow.com\/es\/camaras-de-atmosfera-controlada\/"]}]},{"@type":"ImageObject","inLanguage":"es","@id":"https:\/\/oxylow.com\/es\/camaras-de-atmosfera-controlada\/#primaryimage","url":"https:\/\/oxylow.com\/wp-content\/uploads\/2020\/08\/Oxylow-CA-chambers-7.jpg","contentUrl":"https:\/\/oxylow.com\/wp-content\/uploads\/2020\/08\/Oxylow-CA-chambers-7.jpg","width":1680,"height":1280},{"@type":"BreadcrumbList","@id":"https:\/\/oxylow.com\/es\/camaras-de-atmosfera-controlada\/#breadcrumb","itemListElement":[{"@type":"ListItem","position":1,"name":"Home","item":"https:\/\/oxylow.com\/es\/"},{"@type":"ListItem","position":2,"name":"C\u00e1maras de atm\u00f3sfera controlada"}]},{"@type":"WebSite","@id":"https:\/\/oxylow.com\/es\/#website","url":"https:\/\/oxylow.com\/es\/","name":"Oxylow","description":"Commodity protection","potentialAction":[{"@type":"SearchAction","target":{"@type":"EntryPoint","urlTemplate":"https:\/\/oxylow.com\/es\/?s={search_term_string}"},"query-input":{"@type":"PropertyValueSpecification","valueRequired":true,"valueName":"search_term_string"}}],"inLanguage":"es"}]}},"_links":{"self":[{"href":"https:\/\/oxylow.com\/es\/wp-json\/wp\/v2\/pages\/2232","targetHints":{"allow":["GET"]}}],"collection":[{"href":"https:\/\/oxylow.com\/es\/wp-json\/wp\/v2\/pages"}],"about":[{"href":"https:\/\/oxylow.com\/es\/wp-json\/wp\/v2\/types\/page"}],"author":[{"embeddable":true,"href":"https:\/\/oxylow.com\/es\/wp-json\/wp\/v2\/users\/1"}],"replies":[{"embeddable":true,"href":"https:\/\/oxylow.com\/es\/wp-json\/wp\/v2\/comments?post=2232"}],"version-history":[{"count":5,"href":"https:\/\/oxylow.com\/es\/wp-json\/wp\/v2\/pages\/2232\/revisions"}],"predecessor-version":[{"id":2608,"href":"https:\/\/oxylow.com\/es\/wp-json\/wp\/v2\/pages\/2232\/revisions\/2608"}],"wp:featuredmedia":[{"embeddable":true,"href":"https:\/\/oxylow.com\/es\/wp-json\/wp\/v2\/media\/2119"}],"wp:attachment":[{"href":"https:\/\/oxylow.com\/es\/wp-json\/wp\/v2\/media?parent=2232"}],"curies":[{"name":"wp","href":"https:\/\/api.w.org\/{rel}","templated":true}]}}