{"id":2357,"date":"2020-08-14T15:19:53","date_gmt":"2020-08-14T15:19:53","guid":{"rendered":"https:\/\/oxylow.com\/?page_id=2357"},"modified":"2023-01-26T15:14:08","modified_gmt":"2023-01-26T15:14:08","slug":"cacao","status":"publish","type":"page","link":"https:\/\/oxylow.com\/es\/cacao\/","title":{"rendered":"Cacao"},"content":{"rendered":"<div class=\"wpb-content-wrapper\"><p>[vc_row row_height_percent=\u00bb0&#8243; override_padding=\u00bbyes\u00bb h_padding=\u00bb2&#8243; top_padding=\u00bb3&#8243; bottom_padding=\u00bb3&#8243; overlay_alpha=\u00bb50&#8243; gutter_size=\u00bb3&#8243; column_width_percent=\u00bb100&#8243; shift_y=\u00bb0&#8243; z_index=\u00bb0&#8243; medium_visibility=\u00bbyes\u00bb mobile_visibility=\u00bbyes\u00bb][vc_column width=\u00bb1\/2&#8243;][vc_column_text uncode_shortcode_id=\u00bb373663&#8243;]<span style=\"color: #006f7e; line-height: 18px; font-size: 20px;\">Productos<\/span><br \/>\n<span style=\"color: #009f98; line-height: 25px; font-size: 40px; font-family: 'nexa_boldregular';\">Cacao<\/span>[\/vc_column_text][vc_column_text uncode_shortcode_id=\u00bb696128&#8243;]<strong>Preservaci\u00f3n de la calidad y protecci\u00f3n contra los insectos para el cacao<\/strong><br \/>\nDurante su transporte y almacenamiento, el cacao est\u00e1 sometido a agentes externos que causan un deterioro de la calidad. Gracias al envasado del producto a niveles bajos de ox\u00edgeno, el cacao est\u00e1 protegido contra los efectos negativos del ox\u00edgeno y otros agentes externos. Asegura la eliminaci\u00f3n de insectos y protege contra su infestaci\u00f3n. El sistema de envasado completo de Oxy-Low, inclusive el equipo de envasado y los envoltorios SMART complementarios, son adecuados para varios tipos de frutos secos. Es adecuado para diferentes especificaciones de envasado, tanto bolsas grandes como peque\u00f1as.[\/vc_column_text][vc_button button_color=\u00bbaccent\u00bb radius=\u00bbbtn-circle\u00bb hover_fx=\u00bboutlined\u00bb border_width=\u00bb0&#8243; link=\u00bburl:https%3A%2F%2Foxylow.com%2Fes%2Fcontacto%2F|title:Contact\u00bb button_color_type=\u00bbuncode-palette\u00bb uncode_shortcode_id=\u00bb209944&#8243;]Cont\u00e1ctanos[\/vc_button][\/vc_column][vc_column width=\u00bb1\/2&#8243;][vc_empty_space empty_h=\u00bb2&#8243;][vc_column_text uncode_shortcode_id=\u00bb724981&#8243;]<\/p>\n<h2>Beneficios<\/h2>\n<p>[\/vc_column_text][vc_row_inner row_inner_height_percent=\u00bb0&#8243; overlay_alpha=\u00bb50&#8243; equal_height=\u00bbyes\u00bb gutter_size=\u00bb2&#8243; shift_y=\u00bb0&#8243; z_index=\u00bb0&#8243; css=\u00bb.vc_custom_1596717174257{margin-top: 10px !important;margin-bottom: 10px !important;padding-top: 0px !important;padding-bottom: 0px !important;}\u00bb][vc_column_inner column_width_percent=\u00bb100&#8243; position_horizontal=\u00bbright\u00bb position_vertical=\u00bbmiddle\u00bb align_horizontal=\u00bbalign_right\u00bb gutter_size=\u00bb3&#8243; override_padding=\u00bbyes\u00bb column_padding=\u00bb1&#8243; overlay_alpha=\u00bb50&#8243; shift_x=\u00bb0&#8243; shift_y=\u00bb0&#8243; shift_y_down=\u00bb0&#8243; z_index=\u00bb0&#8243; medium_width=\u00bb0&#8243; mobile_width=\u00bb0&#8243; width=\u00bb2\/12&#8243;][vc_single_image media=\u00bb444&#8243; media_width_percent=\u00bb75&#8243; alignment=\u00bbright\u00bb][\/vc_column_inner][vc_column_inner column_width_percent=\u00bb100&#8243; position_vertical=\u00bbmiddle\u00bb gutter_size=\u00bb3&#8243; override_padding=\u00bbyes\u00bb column_padding=\u00bb1&#8243; overlay_alpha=\u00bb50&#8243; shift_x=\u00bb0&#8243; shift_y=\u00bb0&#8243; shift_y_down=\u00bb0&#8243; z_index=\u00bb0&#8243; medium_width=\u00bb0&#8243; mobile_width=\u00bb0&#8243; width=\u00bb4\/12&#8243;][vc_column_text uncode_shortcode_id=\u00bb565568&#8243;]<\/p>\n<p style=\"line-height: 1.25 !important;\"><strong>Preservaci\u00f3n de la calidad y envasado con un tiempo de conservaci\u00f3n prolongado<\/strong><\/p>\n<p>[\/vc_column_text][\/vc_column_inner][vc_column_inner column_width_percent=\u00bb100&#8243; position_horizontal=\u00bbright\u00bb position_vertical=\u00bbmiddle\u00bb align_horizontal=\u00bbalign_right\u00bb gutter_size=\u00bb3&#8243; override_padding=\u00bbyes\u00bb column_padding=\u00bb1&#8243; overlay_alpha=\u00bb50&#8243; shift_x=\u00bb0&#8243; shift_y=\u00bb0&#8243; shift_y_down=\u00bb0&#8243; z_index=\u00bb0&#8243; medium_width=\u00bb0&#8243; mobile_width=\u00bb0&#8243; width=\u00bb2\/12&#8243;][vc_single_image media=\u00bb446&#8243; media_width_percent=\u00bb75&#8243; alignment=\u00bbright\u00bb][\/vc_column_inner][vc_column_inner column_width_percent=\u00bb100&#8243; position_vertical=\u00bbmiddle\u00bb gutter_size=\u00bb3&#8243; override_padding=\u00bbyes\u00bb column_padding=\u00bb1&#8243; overlay_alpha=\u00bb50&#8243; shift_x=\u00bb0&#8243; shift_y=\u00bb0&#8243; shift_y_down=\u00bb0&#8243; z_index=\u00bb0&#8243; medium_width=\u00bb0&#8243; mobile_width=\u00bb0&#8243; width=\u00bb4\/12&#8243;][vc_column_text uncode_shortcode_id=\u00bb196855&#8243;]<\/p>\n<p style=\"line-height: 1.25 !important;\"><strong>Protecci\u00f3n contra la infestaci\u00f3n de insectos protecci\u00f3n frente a los insectos<\/strong><\/p>\n<p>[\/vc_column_text][\/vc_column_inner][\/vc_row_inner][vc_row_inner row_inner_height_percent=\u00bb0&#8243; overlay_alpha=\u00bb50&#8243; equal_height=\u00bbyes\u00bb gutter_size=\u00bb2&#8243; shift_y=\u00bb0&#8243; z_index=\u00bb0&#8243; css=\u00bb.vc_custom_1596717174257{margin-top: 10px !important;margin-bottom: 10px !important;padding-top: 0px !important;padding-bottom: 0px !important;}\u00bb][vc_column_inner column_width_percent=\u00bb100&#8243; position_horizontal=\u00bbright\u00bb position_vertical=\u00bbmiddle\u00bb align_horizontal=\u00bbalign_right\u00bb gutter_size=\u00bb3&#8243; override_padding=\u00bbyes\u00bb column_padding=\u00bb1&#8243; overlay_alpha=\u00bb50&#8243; shift_x=\u00bb0&#8243; shift_y=\u00bb0&#8243; shift_y_down=\u00bb0&#8243; z_index=\u00bb0&#8243; medium_width=\u00bb0&#8243; mobile_width=\u00bb0&#8243; width=\u00bb2\/12&#8243;][vc_single_image media=\u00bb450&#8243; media_width_percent=\u00bb75&#8243; alignment=\u00bbright\u00bb][\/vc_column_inner][vc_column_inner column_width_percent=\u00bb100&#8243; position_vertical=\u00bbmiddle\u00bb gutter_size=\u00bb3&#8243; override_padding=\u00bbyes\u00bb column_padding=\u00bb1&#8243; overlay_alpha=\u00bb50&#8243; shift_x=\u00bb0&#8243; shift_y=\u00bb0&#8243; shift_y_down=\u00bb0&#8243; z_index=\u00bb0&#8243; medium_width=\u00bb0&#8243; mobile_width=\u00bb0&#8243; width=\u00bb4\/12&#8243;][vc_column_text uncode_shortcode_id=\u00bb115249&#8243;]<\/p>\n<p style=\"line-height: 1.25 !important;\"><strong>Estabiliza el grado de humedad: protecci\u00f3n contra la p\u00e9rdida de peso<\/strong><\/p>\n<p>[\/vc_column_text][\/vc_column_inner][vc_column_inner column_width_percent=\u00bb100&#8243; position_horizontal=\u00bbright\u00bb position_vertical=\u00bbmiddle\u00bb align_horizontal=\u00bbalign_right\u00bb gutter_size=\u00bb3&#8243; override_padding=\u00bbyes\u00bb column_padding=\u00bb1&#8243; overlay_alpha=\u00bb50&#8243; shift_x=\u00bb0&#8243; shift_y=\u00bb0&#8243; shift_y_down=\u00bb0&#8243; z_index=\u00bb0&#8243; medium_width=\u00bb0&#8243; mobile_width=\u00bb0&#8243; width=\u00bb2\/12&#8243;][vc_single_image media=\u00bb447&#8243; media_width_percent=\u00bb75&#8243; alignment=\u00bbright\u00bb][\/vc_column_inner][vc_column_inner column_width_percent=\u00bb100&#8243; position_vertical=\u00bbmiddle\u00bb gutter_size=\u00bb3&#8243; override_padding=\u00bbyes\u00bb column_padding=\u00bb1&#8243; overlay_alpha=\u00bb50&#8243; shift_x=\u00bb0&#8243; shift_y=\u00bb0&#8243; shift_y_down=\u00bb0&#8243; z_index=\u00bb0&#8243; medium_width=\u00bb0&#8243; mobile_width=\u00bb0&#8243; width=\u00bb4\/12&#8243;][vc_column_text uncode_shortcode_id=\u00bb139306&#8243;]<\/p>\n<p style=\"line-height: 1.25 !important;\"><strong>Disminuye el desarrollo del moho aerobio<\/strong><\/p>\n<p>[\/vc_column_text][\/vc_column_inner][\/vc_row_inner][\/vc_column][\/vc_row][vc_row row_height_percent=\u00bb0&#8243; override_padding=\u00bbyes\u00bb h_padding=\u00bb2&#8243; top_padding=\u00bb3&#8243; bottom_padding=\u00bb3&#8243; overlay_alpha=\u00bb50&#8243; gutter_size=\u00bb3&#8243; column_width_percent=\u00bb100&#8243; shift_y=\u00bb0&#8243; z_index=\u00bb0&#8243; desktop_visibility=\u00bbyes\u00bb mobile_visibility=\u00bbyes\u00bb][vc_column width=\u00bb1\/1&#8243;][vc_column_text uncode_shortcode_id=\u00bb134241&#8243;]<span style=\"color: #006f7e; line-height: 18px; font-size: 20px;\">Productos<\/span><br \/>\n<span style=\"color: #009f98; line-height: 25px; font-size: 40px; font-family: 'nexa_boldregular';\">Cacao<\/span>[\/vc_column_text][vc_column_text uncode_shortcode_id=\u00bb117310&#8243;]<strong>Preservaci\u00f3n de la calidad y protecci\u00f3n contra los insectos para el cacao<\/strong><br \/>\nDurante su transporte y almacenamiento, el cacao est\u00e1 sometido a agentes externos que causan un deterioro de la calidad. Gracias al envasado del producto a niveles bajos de ox\u00edgeno, el cacao est\u00e1 protegido contra los efectos negativos del ox\u00edgeno y otros agentes externos. Asegura la eliminaci\u00f3n de insectos y protege contra su infestaci\u00f3n. El sistema de envasado completo de Oxy-Low, inclusive el equipo de envasado y los envoltorios SMART complementarios, son adecuados para varios tipos de frutos secos. Es adecuado para diferentes especificaciones de envasado, tanto bolsas grandes como peque\u00f1as.[\/vc_column_text][vc_button button_color=\u00bbaccent\u00bb radius=\u00bbbtn-circle\u00bb hover_fx=\u00bboutlined\u00bb border_width=\u00bb0&#8243; link=\u00bburl:https%3A%2F%2Foxylow.com%2Fes%2Fcontacto%2F|title:Contact\u00bb button_color_type=\u00bbuncode-palette\u00bb uncode_shortcode_id=\u00bb667961&#8243;]Cont\u00e1ctanos[\/vc_button][vc_empty_space empty_h=\u00bb2&#8243;][vc_row_inner row_inner_height_percent=\u00bb0&#8243; overlay_alpha=\u00bb50&#8243; equal_height=\u00bbyes\u00bb gutter_size=\u00bb2&#8243; shift_y=\u00bb0&#8243; z_index=\u00bb0&#8243; css=\u00bb.vc_custom_1596717174257{margin-top: 10px !important;margin-bottom: 10px !important;padding-top: 0px !important;padding-bottom: 0px !important;}\u00bb][vc_column_inner column_width_percent=\u00bb100&#8243; position_horizontal=\u00bbleft\u00bb position_vertical=\u00bbmiddle\u00bb gutter_size=\u00bb3&#8243; override_padding=\u00bbyes\u00bb column_padding=\u00bb1&#8243; overlay_alpha=\u00bb50&#8243; shift_x=\u00bb0&#8243; shift_y=\u00bb0&#8243; shift_y_down=\u00bb0&#8243; z_index=\u00bb0&#8243; medium_width=\u00bb0&#8243; mobile_width=\u00bb0&#8243; width=\u00bb1\/1&#8243;][vc_column_text uncode_shortcode_id=\u00bb136740&#8243;]<\/p>\n<h2>Beneficios<\/h2>\n<p>[\/vc_column_text][vc_column_text uncode_shortcode_id=\u00bb160455&#8243;]<\/p>\n<div><img decoding=\"async\" style=\"border: 0px; vertical-align: middle; width: 75px; height: 75px; margin: 0px;\" src=\"https:\/\/oxylow.com\/wp-content\/uploads\/2020\/08\/Oxylow-Benefits-ExtendedShelfLife.png\" width=\"75\" height=\"75\" \/><span style=\"padding-left: 10px; font-weight: bold; vertical-align: middle;\">Preservaci\u00f3n de la calidad y envasado con un tiempo de conservaci\u00f3n prolongado<\/span><\/div>\n<p>[\/vc_column_text][vc_column_text uncode_shortcode_id=\u00bb124759&#8243;]<\/p>\n<div><img decoding=\"async\" style=\"border: 0px; vertical-align: middle; width: 75px; height: 75px; margin: 0px;\" src=\"https:\/\/oxylow.com\/wp-content\/uploads\/2020\/08\/Oxylow-Benefits-NoInsects.png\" width=\"75\" height=\"75\" \/><span style=\"padding-left: 10px; font-weight: bold; vertical-align: middle;\">Protecci\u00f3n contra la infestaci\u00f3n de insectos protecci\u00f3n frente a los insectos<\/span><\/div>\n<p>[\/vc_column_text][vc_column_text uncode_shortcode_id=\u00bb497442&#8243;]<\/p>\n<div><img decoding=\"async\" style=\"border: 0px; vertical-align: middle; width: 75px; height: 75px; margin: 0px;\" src=\"https:\/\/oxylow.com\/wp-content\/uploads\/2020\/08\/Oxylow-Benefits-QualityPreservation.png\" width=\"75\" height=\"75\" \/><span style=\"padding-left: 10px; font-weight: bold; vertical-align: middle;\">Estabiliza el grado de humedad: protecci\u00f3n contra la p\u00e9rdida de peso<\/span><\/div>\n<p>[\/vc_column_text][vc_column_text uncode_shortcode_id=\u00bb178845&#8243;]<\/p>\n<div><img decoding=\"async\" style=\"border: 0px; vertical-align: middle; width: 75px; height: 75px; margin: 0px;\" src=\"https:\/\/oxylow.com\/wp-content\/uploads\/2020\/08\/Oxylow-Benefits-NoMold.png\" width=\"75\" height=\"75\" \/><span style=\"padding-left: 10px; font-weight: bold; vertical-align: middle;\">Disminuye el desarrollo del moho aerobio<\/span><\/div>\n<p>[\/vc_column_text][\/vc_column_inner][\/vc_row_inner][\/vc_column][\/vc_row][vc_row row_height_percent=\u00bb0&#8243; override_padding=\u00bbyes\u00bb h_padding=\u00bb2&#8243; top_padding=\u00bb3&#8243; bottom_padding=\u00bb3&#8243; overlay_alpha=\u00bb50&#8243; gutter_size=\u00bb3&#8243; column_width_percent=\u00bb100&#8243; shift_y=\u00bb0&#8243; z_index=\u00bb0&#8243; desktop_visibility=\u00bbyes\u00bb medium_visibility=\u00bbyes\u00bb][vc_column width=\u00bb1\/1&#8243;][vc_column_text uncode_shortcode_id=\u00bb160234&#8243;]<span style=\"color: #006f7e; line-height: 18px; font-size: 20px;\">Productos<\/span><br \/>\n<span style=\"color: #009f98; line-height: 25px; font-size: 40px; font-family: 'nexa_boldregular';\">Cacao<\/span>[\/vc_column_text][vc_column_text uncode_shortcode_id=\u00bb126757&#8243;]<strong>Preservaci\u00f3n de la calidad y protecci\u00f3n contra los insectos para el cacao<\/strong><br \/>\nDurante su transporte y almacenamiento, el cacao est\u00e1 sometido a agentes externos que causan un deterioro de la calidad. Gracias al envasado del producto a niveles bajos de ox\u00edgeno, el cacao est\u00e1 protegido contra los efectos negativos del ox\u00edgeno y otros agentes externos. Asegura la eliminaci\u00f3n de insectos y protege contra su infestaci\u00f3n. El sistema de envasado completo de Oxy-Low, inclusive el equipo de envasado y los envoltorios SMART complementarios, son adecuados para varios tipos de frutos secos. Es adecuado para diferentes especificaciones de envasado, tanto bolsas grandes como peque\u00f1as.[\/vc_column_text][vc_button button_color=\u00bbaccent\u00bb radius=\u00bbbtn-circle\u00bb hover_fx=\u00bboutlined\u00bb border_width=\u00bb0&#8243; link=\u00bburl:https%3A%2F%2Foxylow.com%2Fes%2Fcontacto%2F|title:Contact\u00bb button_color_type=\u00bbuncode-palette\u00bb uncode_shortcode_id=\u00bb928922&#8243;]Cont\u00e1ctanos[\/vc_button][vc_empty_space empty_h=\u00bb2&#8243;][vc_row_inner row_inner_height_percent=\u00bb0&#8243; overlay_alpha=\u00bb50&#8243; equal_height=\u00bbyes\u00bb gutter_size=\u00bb2&#8243; shift_y=\u00bb0&#8243; z_index=\u00bb0&#8243; css=\u00bb.vc_custom_1596717174257{margin-top: 10px !important;margin-bottom: 10px !important;padding-top: 0px !important;padding-bottom: 0px !important;}\u00bb][vc_column_inner column_width_percent=\u00bb100&#8243; position_vertical=\u00bbmiddle\u00bb align_horizontal=\u00bbalign_center\u00bb gutter_size=\u00bb3&#8243; override_padding=\u00bbyes\u00bb column_padding=\u00bb1&#8243; overlay_alpha=\u00bb50&#8243; shift_x=\u00bb0&#8243; shift_y=\u00bb0&#8243; shift_y_down=\u00bb0&#8243; z_index=\u00bb0&#8243; medium_width=\u00bb0&#8243; mobile_width=\u00bb0&#8243; width=\u00bb1\/1&#8243;][vc_column_text uncode_shortcode_id=\u00bb171900&#8243;]<\/p>\n<h2>Beneficios<\/h2>\n<p>[\/vc_column_text][vc_single_image media=\u00bb444&#8243; media_width_use_pixel=\u00bbyes\u00bb alignment=\u00bbcenter\u00bb media_width_pixel=\u00bb75&#8243;][vc_column_text uncode_shortcode_id=\u00bb392823&#8243;]<span style=\"font-weight: bold; vertical-align: middle;\">Preservaci\u00f3n de la calidad y envasado con un tiempo de conservaci\u00f3n prolongado<\/span>[\/vc_column_text][vc_column_text]<\/p>\n<hr \/>\n<p>[\/vc_column_text][vc_single_image media=\u00bb446&#8243; media_width_use_pixel=\u00bbyes\u00bb alignment=\u00bbcenter\u00bb media_width_pixel=\u00bb75&#8243;][vc_column_text uncode_shortcode_id=\u00bb815149&#8243;]<span style=\"font-weight: bold; vertical-align: middle;\">Protecci\u00f3n contra la infestaci\u00f3n de insectos protecci\u00f3n frente a los insectos<\/span>[\/vc_column_text][vc_column_text]<\/p>\n<hr \/>\n<p>[\/vc_column_text][vc_single_image media=\u00bb450&#8243; media_width_use_pixel=\u00bbyes\u00bb alignment=\u00bbcenter\u00bb media_width_pixel=\u00bb75&#8243;][vc_column_text uncode_shortcode_id=\u00bb184307&#8243;]<span style=\"font-weight: bold; vertical-align: middle;\">Estabiliza el grado de humedad: protecci\u00f3n contra la p\u00e9rdida de peso<\/span>[\/vc_column_text][vc_column_text]<\/p>\n<hr \/>\n<p>[\/vc_column_text][vc_single_image media=\u00bb447&#8243; media_width_use_pixel=\u00bbyes\u00bb alignment=\u00bbcenter\u00bb media_width_pixel=\u00bb75&#8243;][vc_column_text uncode_shortcode_id=\u00bb202507&#8243;]<span style=\"font-weight: bold; vertical-align: middle;\">Disminuye el desarrollo del moho aerobio<\/span>[\/vc_column_text][\/vc_column_inner][\/vc_row_inner][\/vc_column][\/vc_row][vc_row][vc_column width=\u00bb1\/1&#8243;][uncode_block id=\u00bb2353&#8243;][\/vc_column][\/vc_row]<\/p>\n<\/div>","protected":false},"excerpt":{"rendered":"<p>[vc_row row_height_percent=\u00bb0&#8243; override_padding=\u00bbyes\u00bb h_padding=\u00bb2&#8243; top_padding=\u00bb3&#8243; bottom_padding=\u00bb3&#8243; overlay_alpha=\u00bb50&#8243; gutter_size=\u00bb3&#8243; column_width_percent=\u00bb100&#8243; shift_y=\u00bb0&#8243; z_index=\u00bb0&#8243; medium_visibility=\u00bbyes\u00bb mobile_visibility=\u00bbyes\u00bb][vc_column width=\u00bb1\/2&#8243;][vc_column_text uncode_shortcode_id=\u00bb373663&#8243;]Productos Cacao[\/vc_column_text][vc_column_text uncode_shortcode_id=\u00bb696128&#8243;]Preservaci\u00f3n de la calidad [&hellip;]<\/p>\n","protected":false},"author":1,"featured_media":114,"parent":0,"menu_order":0,"comment_status":"closed","ping_status":"closed","template":"","meta":{"content-type":"","footnotes":""},"class_list":["post-2357","page","type-page","status-publish","has-post-thumbnail","hentry"],"yoast_head":"<!-- This site is optimized with the Yoast SEO plugin v27.3 - https:\/\/yoast.com\/product\/yoast-seo-wordpress\/ -->\n<title>Cacao - Oxylow<\/title>\n<meta name=\"description\" content=\"Durante su transporte y almacenamiento, el cacao est\u00e1 sometido a agentes externos que causan un deterioro de la calidad.\" \/>\n<meta name=\"robots\" content=\"index, follow, max-snippet:-1, max-image-preview:large, max-video-preview:-1\" \/>\n<link rel=\"canonical\" href=\"https:\/\/oxylow.com\/es\/cacao\/\" \/>\n<meta property=\"og:locale\" content=\"es_ES\" \/>\n<meta property=\"og:type\" content=\"article\" \/>\n<meta property=\"og:title\" content=\"Cacao - Oxylow\" \/>\n<meta property=\"og:description\" content=\"Durante su transporte y almacenamiento, el cacao est\u00e1 sometido a agentes externos que causan un deterioro de la calidad.\" \/>\n<meta property=\"og:url\" content=\"https:\/\/oxylow.com\/es\/cacao\/\" \/>\n<meta property=\"og:site_name\" content=\"Oxylow\" \/>\n<meta property=\"article:modified_time\" content=\"2023-01-26T15:14:08+00:00\" \/>\n<meta property=\"og:image\" content=\"https:\/\/oxylow.com\/wp-content\/uploads\/2020\/07\/Oxylow-commodities-cocoa.jpg\" \/>\n\t<meta property=\"og:image:width\" content=\"500\" \/>\n\t<meta property=\"og:image:height\" content=\"500\" \/>\n\t<meta property=\"og:image:type\" content=\"image\/jpeg\" \/>\n<meta name=\"twitter:card\" content=\"summary_large_image\" \/>\n<meta name=\"twitter:label1\" content=\"Tiempo de lectura\" \/>\n\t<meta name=\"twitter:data1\" content=\"5 minutos\" \/>\n<script type=\"application\/ld+json\" class=\"yoast-schema-graph\">{\"@context\":\"https:\\\/\\\/schema.org\",\"@graph\":[{\"@type\":\"WebPage\",\"@id\":\"https:\\\/\\\/oxylow.com\\\/es\\\/cacao\\\/\",\"url\":\"https:\\\/\\\/oxylow.com\\\/es\\\/cacao\\\/\",\"name\":\"Cacao - Oxylow\",\"isPartOf\":{\"@id\":\"https:\\\/\\\/oxylow.com\\\/es\\\/#website\"},\"primaryImageOfPage\":{\"@id\":\"https:\\\/\\\/oxylow.com\\\/es\\\/cacao\\\/#primaryimage\"},\"image\":{\"@id\":\"https:\\\/\\\/oxylow.com\\\/es\\\/cacao\\\/#primaryimage\"},\"thumbnailUrl\":\"https:\\\/\\\/oxylow.com\\\/wp-content\\\/uploads\\\/2020\\\/07\\\/Oxylow-commodities-cocoa.jpg\",\"datePublished\":\"2020-08-14T15:19:53+00:00\",\"dateModified\":\"2023-01-26T15:14:08+00:00\",\"description\":\"Durante su transporte y almacenamiento, el cacao est\u00e1 sometido a agentes externos que causan un deterioro de la calidad.\",\"breadcrumb\":{\"@id\":\"https:\\\/\\\/oxylow.com\\\/es\\\/cacao\\\/#breadcrumb\"},\"inLanguage\":\"es\",\"potentialAction\":[{\"@type\":\"ReadAction\",\"target\":[\"https:\\\/\\\/oxylow.com\\\/es\\\/cacao\\\/\"]}]},{\"@type\":\"ImageObject\",\"inLanguage\":\"es\",\"@id\":\"https:\\\/\\\/oxylow.com\\\/es\\\/cacao\\\/#primaryimage\",\"url\":\"https:\\\/\\\/oxylow.com\\\/wp-content\\\/uploads\\\/2020\\\/07\\\/Oxylow-commodities-cocoa.jpg\",\"contentUrl\":\"https:\\\/\\\/oxylow.com\\\/wp-content\\\/uploads\\\/2020\\\/07\\\/Oxylow-commodities-cocoa.jpg\",\"width\":500,\"height\":500},{\"@type\":\"BreadcrumbList\",\"@id\":\"https:\\\/\\\/oxylow.com\\\/es\\\/cacao\\\/#breadcrumb\",\"itemListElement\":[{\"@type\":\"ListItem\",\"position\":1,\"name\":\"Home\",\"item\":\"https:\\\/\\\/oxylow.com\\\/es\\\/\"},{\"@type\":\"ListItem\",\"position\":2,\"name\":\"Cacao\"}]},{\"@type\":\"WebSite\",\"@id\":\"https:\\\/\\\/oxylow.com\\\/es\\\/#website\",\"url\":\"https:\\\/\\\/oxylow.com\\\/es\\\/\",\"name\":\"Oxylow\",\"description\":\"Commodity protection\",\"potentialAction\":[{\"@type\":\"SearchAction\",\"target\":{\"@type\":\"EntryPoint\",\"urlTemplate\":\"https:\\\/\\\/oxylow.com\\\/es\\\/?s={search_term_string}\"},\"query-input\":{\"@type\":\"PropertyValueSpecification\",\"valueRequired\":true,\"valueName\":\"search_term_string\"}}],\"inLanguage\":\"es\"}]}<\/script>\n<!-- \/ Yoast SEO plugin. -->","yoast_head_json":{"title":"Cacao - Oxylow","description":"Durante su transporte y almacenamiento, el cacao est\u00e1 sometido a agentes externos que causan un deterioro de la calidad.","robots":{"index":"index","follow":"follow","max-snippet":"max-snippet:-1","max-image-preview":"max-image-preview:large","max-video-preview":"max-video-preview:-1"},"canonical":"https:\/\/oxylow.com\/es\/cacao\/","og_locale":"es_ES","og_type":"article","og_title":"Cacao - Oxylow","og_description":"Durante su transporte y almacenamiento, el cacao est\u00e1 sometido a agentes externos que causan un deterioro de la calidad.","og_url":"https:\/\/oxylow.com\/es\/cacao\/","og_site_name":"Oxylow","article_modified_time":"2023-01-26T15:14:08+00:00","og_image":[{"width":500,"height":500,"url":"https:\/\/oxylow.com\/wp-content\/uploads\/2020\/07\/Oxylow-commodities-cocoa.jpg","type":"image\/jpeg"}],"twitter_card":"summary_large_image","twitter_misc":{"Tiempo de lectura":"5 minutos"},"schema":{"@context":"https:\/\/schema.org","@graph":[{"@type":"WebPage","@id":"https:\/\/oxylow.com\/es\/cacao\/","url":"https:\/\/oxylow.com\/es\/cacao\/","name":"Cacao - Oxylow","isPartOf":{"@id":"https:\/\/oxylow.com\/es\/#website"},"primaryImageOfPage":{"@id":"https:\/\/oxylow.com\/es\/cacao\/#primaryimage"},"image":{"@id":"https:\/\/oxylow.com\/es\/cacao\/#primaryimage"},"thumbnailUrl":"https:\/\/oxylow.com\/wp-content\/uploads\/2020\/07\/Oxylow-commodities-cocoa.jpg","datePublished":"2020-08-14T15:19:53+00:00","dateModified":"2023-01-26T15:14:08+00:00","description":"Durante su transporte y almacenamiento, el cacao est\u00e1 sometido a agentes externos que causan un deterioro de la calidad.","breadcrumb":{"@id":"https:\/\/oxylow.com\/es\/cacao\/#breadcrumb"},"inLanguage":"es","potentialAction":[{"@type":"ReadAction","target":["https:\/\/oxylow.com\/es\/cacao\/"]}]},{"@type":"ImageObject","inLanguage":"es","@id":"https:\/\/oxylow.com\/es\/cacao\/#primaryimage","url":"https:\/\/oxylow.com\/wp-content\/uploads\/2020\/07\/Oxylow-commodities-cocoa.jpg","contentUrl":"https:\/\/oxylow.com\/wp-content\/uploads\/2020\/07\/Oxylow-commodities-cocoa.jpg","width":500,"height":500},{"@type":"BreadcrumbList","@id":"https:\/\/oxylow.com\/es\/cacao\/#breadcrumb","itemListElement":[{"@type":"ListItem","position":1,"name":"Home","item":"https:\/\/oxylow.com\/es\/"},{"@type":"ListItem","position":2,"name":"Cacao"}]},{"@type":"WebSite","@id":"https:\/\/oxylow.com\/es\/#website","url":"https:\/\/oxylow.com\/es\/","name":"Oxylow","description":"Commodity protection","potentialAction":[{"@type":"SearchAction","target":{"@type":"EntryPoint","urlTemplate":"https:\/\/oxylow.com\/es\/?s={search_term_string}"},"query-input":{"@type":"PropertyValueSpecification","valueRequired":true,"valueName":"search_term_string"}}],"inLanguage":"es"}]}},"_links":{"self":[{"href":"https:\/\/oxylow.com\/es\/wp-json\/wp\/v2\/pages\/2357","targetHints":{"allow":["GET"]}}],"collection":[{"href":"https:\/\/oxylow.com\/es\/wp-json\/wp\/v2\/pages"}],"about":[{"href":"https:\/\/oxylow.com\/es\/wp-json\/wp\/v2\/types\/page"}],"author":[{"embeddable":true,"href":"https:\/\/oxylow.com\/es\/wp-json\/wp\/v2\/users\/1"}],"replies":[{"embeddable":true,"href":"https:\/\/oxylow.com\/es\/wp-json\/wp\/v2\/comments?post=2357"}],"version-history":[{"count":3,"href":"https:\/\/oxylow.com\/es\/wp-json\/wp\/v2\/pages\/2357\/revisions"}],"predecessor-version":[{"id":2432,"href":"https:\/\/oxylow.com\/es\/wp-json\/wp\/v2\/pages\/2357\/revisions\/2432"}],"wp:featuredmedia":[{"embeddable":true,"href":"https:\/\/oxylow.com\/es\/wp-json\/wp\/v2\/media\/114"}],"wp:attachment":[{"href":"https:\/\/oxylow.com\/es\/wp-json\/wp\/v2\/media?parent=2357"}],"curies":[{"name":"wp","href":"https:\/\/api.w.org\/{rel}","templated":true}]}}