{"id":2371,"date":"2020-08-17T13:47:07","date_gmt":"2020-08-17T13:47:07","guid":{"rendered":"https:\/\/oxylow.com\/?page_id=2371"},"modified":"2023-01-26T10:21:28","modified_gmt":"2023-01-26T10:21:28","slug":"fruta-deshidratada","status":"publish","type":"page","link":"https:\/\/oxylow.com\/es\/fruta-deshidratada\/","title":{"rendered":"Fruta deshidratada"},"content":{"rendered":"<div class=\"wpb-content-wrapper\"><p>[vc_row row_height_percent=\u00bb0&#8243; override_padding=\u00bbyes\u00bb h_padding=\u00bb2&#8243; top_padding=\u00bb3&#8243; bottom_padding=\u00bb3&#8243; overlay_alpha=\u00bb50&#8243; gutter_size=\u00bb3&#8243; column_width_percent=\u00bb100&#8243; shift_y=\u00bb0&#8243; z_index=\u00bb0&#8243; medium_visibility=\u00bbyes\u00bb mobile_visibility=\u00bbyes\u00bb][vc_column width=\u00bb1\/2&#8243;][vc_column_text uncode_shortcode_id=\u00bb172247&#8243;]<span style=\"color: #006f7e; line-height: 18px; font-size: 20px;\">Productos<\/span><br \/>\n<span style=\"color: #009f98; line-height: 25px; font-size: 40px; font-family: 'nexa_boldregular';\">Fruta deshidratada<\/span>[\/vc_column_text][vc_column_text uncode_shortcode_id=\u00bb115844&#8243;]<strong>Envases de Low Oxygen para fruta deshidratada<\/strong><br \/>\nLa fruta deshidratada (agr\u00edcola) de alta calidad est\u00e1 sometida a condiciones que provocan un deterioro de la calidad durante su almacenamiento y transporte. La p\u00e9rdida de peso, el secado de la fruta deshidratada, la infestaci\u00f3n de insectos y el desarrollo de moho aerobio pueden reducirse significativamente envasando el producto con los revestimientos SMART de Oxy-Low. El sistema de envasado completo de Oxy-Low, inclusive el equipo de envasado y los envoltorios SMART complementarios, son adecuados para varios productos y especificaciones de envasado. Tanto bolsas grandes como bolsas peque\u00f1as para los consumidores.[\/vc_column_text][vc_button button_color=\u00bbaccent\u00bb radius=\u00bbbtn-circle\u00bb hover_fx=\u00bboutlined\u00bb border_width=\u00bb0&#8243; link=\u00bburl:https%3A%2F%2Foxylow.com%2Fes%2Fcontacto%2F|title:Contact\u00bb button_color_type=\u00bbuncode-palette\u00bb uncode_shortcode_id=\u00bb706062&#8243;]Cont\u00e1ctanos[\/vc_button][\/vc_column][vc_column width=\u00bb1\/2&#8243;][vc_empty_space empty_h=\u00bb2&#8243;][vc_column_text uncode_shortcode_id=\u00bb741427&#8243;]<\/p>\n<h2>Beneficios<\/h2>\n<p>[\/vc_column_text][vc_row_inner row_inner_height_percent=\u00bb0&#8243; overlay_alpha=\u00bb50&#8243; equal_height=\u00bbyes\u00bb gutter_size=\u00bb2&#8243; shift_y=\u00bb0&#8243; z_index=\u00bb0&#8243; css=\u00bb.vc_custom_1596717174257{margin-top: 10px !important;margin-bottom: 10px !important;padding-top: 0px !important;padding-bottom: 0px !important;}\u00bb][vc_column_inner column_width_percent=\u00bb100&#8243; position_horizontal=\u00bbright\u00bb position_vertical=\u00bbmiddle\u00bb align_horizontal=\u00bbalign_right\u00bb gutter_size=\u00bb3&#8243; override_padding=\u00bbyes\u00bb column_padding=\u00bb1&#8243; overlay_alpha=\u00bb50&#8243; shift_x=\u00bb0&#8243; shift_y=\u00bb0&#8243; shift_y_down=\u00bb0&#8243; z_index=\u00bb0&#8243; medium_width=\u00bb0&#8243; mobile_width=\u00bb0&#8243; width=\u00bb2\/12&#8243;][vc_single_image media=\u00bb446&#8243; media_width_percent=\u00bb75&#8243; alignment=\u00bbright\u00bb][\/vc_column_inner][vc_column_inner column_width_percent=\u00bb100&#8243; position_vertical=\u00bbmiddle\u00bb gutter_size=\u00bb3&#8243; override_padding=\u00bbyes\u00bb column_padding=\u00bb1&#8243; overlay_alpha=\u00bb50&#8243; shift_x=\u00bb0&#8243; shift_y=\u00bb0&#8243; shift_y_down=\u00bb0&#8243; z_index=\u00bb0&#8243; medium_width=\u00bb0&#8243; mobile_width=\u00bb0&#8243; width=\u00bb4\/12&#8243;][vc_column_text uncode_shortcode_id=\u00bb121757&#8243;]<\/p>\n<p style=\"line-height: 1.25 !important;\"><strong>Eliminaci\u00f3n total de los insectos<\/strong><\/p>\n<p>[\/vc_column_text][\/vc_column_inner][vc_column_inner column_width_percent=\u00bb100&#8243; position_horizontal=\u00bbright\u00bb position_vertical=\u00bbmiddle\u00bb align_horizontal=\u00bbalign_right\u00bb gutter_size=\u00bb3&#8243; override_padding=\u00bbyes\u00bb column_padding=\u00bb1&#8243; overlay_alpha=\u00bb50&#8243; shift_x=\u00bb0&#8243; shift_y=\u00bb0&#8243; shift_y_down=\u00bb0&#8243; z_index=\u00bb0&#8243; medium_width=\u00bb0&#8243; mobile_width=\u00bb0&#8243; width=\u00bb2\/12&#8243;][vc_single_image media=\u00bb446&#8243; media_width_percent=\u00bb75&#8243; alignment=\u00bbright\u00bb][\/vc_column_inner][vc_column_inner column_width_percent=\u00bb100&#8243; position_vertical=\u00bbmiddle\u00bb gutter_size=\u00bb3&#8243; override_padding=\u00bbyes\u00bb column_padding=\u00bb1&#8243; overlay_alpha=\u00bb50&#8243; shift_x=\u00bb0&#8243; shift_y=\u00bb0&#8243; shift_y_down=\u00bb0&#8243; z_index=\u00bb0&#8243; medium_width=\u00bb0&#8243; mobile_width=\u00bb0&#8243; width=\u00bb4\/12&#8243;][vc_column_text uncode_shortcode_id=\u00bb109259&#8243;]<\/p>\n<p style=\"line-height: 1.25 !important;\"><strong>Sin residuos de insectos en el producto<\/strong><\/p>\n<p>[\/vc_column_text][\/vc_column_inner][\/vc_row_inner][vc_row_inner row_inner_height_percent=\u00bb0&#8243; overlay_alpha=\u00bb50&#8243; equal_height=\u00bbyes\u00bb gutter_size=\u00bb2&#8243; shift_y=\u00bb0&#8243; z_index=\u00bb0&#8243; css=\u00bb.vc_custom_1596717174257{margin-top: 10px !important;margin-bottom: 10px !important;padding-top: 0px !important;padding-bottom: 0px !important;}\u00bb][vc_column_inner column_width_percent=\u00bb100&#8243; position_horizontal=\u00bbright\u00bb position_vertical=\u00bbmiddle\u00bb align_horizontal=\u00bbalign_right\u00bb gutter_size=\u00bb3&#8243; override_padding=\u00bbyes\u00bb column_padding=\u00bb1&#8243; overlay_alpha=\u00bb50&#8243; shift_x=\u00bb0&#8243; shift_y=\u00bb0&#8243; shift_y_down=\u00bb0&#8243; z_index=\u00bb0&#8243; medium_width=\u00bb0&#8243; mobile_width=\u00bb0&#8243; width=\u00bb2\/12&#8243;][vc_single_image media=\u00bb446&#8243; media_width_percent=\u00bb75&#8243; alignment=\u00bbright\u00bb][\/vc_column_inner][vc_column_inner column_width_percent=\u00bb100&#8243; position_vertical=\u00bbmiddle\u00bb gutter_size=\u00bb3&#8243; override_padding=\u00bbyes\u00bb column_padding=\u00bb1&#8243; overlay_alpha=\u00bb50&#8243; shift_x=\u00bb0&#8243; shift_y=\u00bb0&#8243; shift_y_down=\u00bb0&#8243; z_index=\u00bb0&#8243; medium_width=\u00bb0&#8243; mobile_width=\u00bb0&#8243; width=\u00bb4\/12&#8243;][vc_column_text uncode_shortcode_id=\u00bb164594&#8243;]<\/p>\n<p style=\"line-height: 1.25 !important;\"><strong>Sin resistencia por parte de los insectos<\/strong><\/p>\n<p>[\/vc_column_text][\/vc_column_inner][vc_column_inner column_width_percent=\u00bb100&#8243; position_horizontal=\u00bbright\u00bb position_vertical=\u00bbmiddle\u00bb align_horizontal=\u00bbalign_right\u00bb gutter_size=\u00bb3&#8243; override_padding=\u00bbyes\u00bb column_padding=\u00bb1&#8243; overlay_alpha=\u00bb50&#8243; shift_x=\u00bb0&#8243; shift_y=\u00bb0&#8243; shift_y_down=\u00bb0&#8243; z_index=\u00bb0&#8243; medium_width=\u00bb0&#8243; mobile_width=\u00bb0&#8243; width=\u00bb2\/12&#8243;][\/vc_column_inner][vc_column_inner column_width_percent=\u00bb100&#8243; position_vertical=\u00bbmiddle\u00bb gutter_size=\u00bb3&#8243; override_padding=\u00bbyes\u00bb column_padding=\u00bb1&#8243; overlay_alpha=\u00bb50&#8243; shift_x=\u00bb0&#8243; shift_y=\u00bb0&#8243; shift_y_down=\u00bb0&#8243; z_index=\u00bb0&#8243; medium_width=\u00bb0&#8243; mobile_width=\u00bb0&#8243; width=\u00bb4\/12&#8243;][\/vc_column_inner][\/vc_row_inner][\/vc_column][\/vc_row][vc_row row_height_percent=\u00bb0&#8243; override_padding=\u00bbyes\u00bb h_padding=\u00bb2&#8243; top_padding=\u00bb3&#8243; bottom_padding=\u00bb3&#8243; overlay_alpha=\u00bb50&#8243; gutter_size=\u00bb3&#8243; column_width_percent=\u00bb100&#8243; shift_y=\u00bb0&#8243; z_index=\u00bb0&#8243; desktop_visibility=\u00bbyes\u00bb mobile_visibility=\u00bbyes\u00bb][vc_column width=\u00bb1\/1&#8243;][vc_column_text uncode_shortcode_id=\u00bb174852&#8243;]<span style=\"color: #006f7e; line-height: 18px; font-size: 20px;\">Productos<\/span><br \/>\n<span style=\"color: #009f98; line-height: 25px; font-size: 40px; font-family: 'nexa_boldregular';\">Fruta deshidratada<\/span>[\/vc_column_text][vc_column_text uncode_shortcode_id=\u00bb793510&#8243;]<strong>Envases de Low Oxygen para fruta deshidratada<\/strong><br \/>\nLa fruta deshidratada (agr\u00edcola) de alta calidad est\u00e1 sometida a condiciones que provocan un deterioro de la calidad durante su almacenamiento y transporte. La p\u00e9rdida de peso, el secado de la fruta deshidratada, la infestaci\u00f3n de insectos y el desarrollo de moho aerobio pueden reducirse significativamente envasando el producto con los revestimientos SMART de Oxy-Low. El sistema de envasado completo de Oxy-Low, inclusive el equipo de envasado y los envoltorios SMART complementarios, son adecuados para varios productos y especificaciones de envasado. Tanto bolsas grandes como bolsas peque\u00f1as para los consumidores.[\/vc_column_text][vc_button button_color=\u00bbaccent\u00bb radius=\u00bbbtn-circle\u00bb hover_fx=\u00bboutlined\u00bb border_width=\u00bb0&#8243; link=\u00bburl:https%3A%2F%2Foxylow.com%2Fes%2Fcontacto%2F|title:Contact\u00bb button_color_type=\u00bbuncode-palette\u00bb uncode_shortcode_id=\u00bb249926&#8243;]Cont\u00e1ctanos[\/vc_button][vc_empty_space empty_h=\u00bb2&#8243;][vc_row_inner row_inner_height_percent=\u00bb0&#8243; overlay_alpha=\u00bb50&#8243; equal_height=\u00bbyes\u00bb gutter_size=\u00bb2&#8243; shift_y=\u00bb0&#8243; z_index=\u00bb0&#8243; css=\u00bb.vc_custom_1596717174257{margin-top: 10px !important;margin-bottom: 10px !important;padding-top: 0px !important;padding-bottom: 0px !important;}\u00bb][vc_column_inner column_width_percent=\u00bb100&#8243; position_horizontal=\u00bbleft\u00bb position_vertical=\u00bbmiddle\u00bb gutter_size=\u00bb3&#8243; override_padding=\u00bbyes\u00bb column_padding=\u00bb1&#8243; overlay_alpha=\u00bb50&#8243; shift_x=\u00bb0&#8243; shift_y=\u00bb0&#8243; shift_y_down=\u00bb0&#8243; z_index=\u00bb0&#8243; medium_width=\u00bb0&#8243; mobile_width=\u00bb0&#8243; width=\u00bb1\/1&#8243;][vc_column_text uncode_shortcode_id=\u00bb211323&#8243;]<\/p>\n<h2>Beneficios<\/h2>\n<p>[\/vc_column_text][vc_column_text uncode_shortcode_id=\u00bb101490&#8243;]<\/p>\n<div><img decoding=\"async\" style=\"border: 0px; vertical-align: middle; width: 75px; height: 75px; margin: 0px;\" src=\"https:\/\/oxylow.com\/wp-content\/uploads\/2020\/08\/Oxylow-Benefits-NoInsects.png\" width=\"75\" height=\"75\" \/><span style=\"padding-left: 10px; font-weight: bold; vertical-align: middle;\">Eliminaci\u00f3n total de los insectos<\/span><\/div>\n<p>[\/vc_column_text][vc_column_text uncode_shortcode_id=\u00bb176813&#8243;]<\/p>\n<div><img decoding=\"async\" style=\"border: 0px; vertical-align: middle; width: 75px; height: 75px; margin: 0px;\" src=\"https:\/\/oxylow.com\/wp-content\/uploads\/2020\/08\/Oxylow-Benefits-NoInsects.png\" width=\"75\" height=\"75\" \/><span style=\"padding-left: 10px; font-weight: bold; vertical-align: middle;\">Sin residuos de insectos en el producto<\/span><\/div>\n<p>[\/vc_column_text][vc_column_text uncode_shortcode_id=\u00bb982758&#8243;]<\/p>\n<div><img decoding=\"async\" style=\"border: 0px; vertical-align: middle; width: 75px; height: 75px; margin: 0px;\" src=\"https:\/\/oxylow.com\/wp-content\/uploads\/2020\/08\/Oxylow-Benefits-NoInsects.png\" width=\"75\" height=\"75\" \/><span style=\"padding-left: 10px; font-weight: bold; vertical-align: middle;\">Sin resistencia por parte de los insectos<\/span><\/div>\n<p>[\/vc_column_text][\/vc_column_inner][\/vc_row_inner][\/vc_column][\/vc_row][vc_row row_height_percent=\u00bb0&#8243; override_padding=\u00bbyes\u00bb h_padding=\u00bb2&#8243; top_padding=\u00bb3&#8243; bottom_padding=\u00bb3&#8243; overlay_alpha=\u00bb50&#8243; gutter_size=\u00bb3&#8243; column_width_percent=\u00bb100&#8243; shift_y=\u00bb0&#8243; z_index=\u00bb0&#8243; desktop_visibility=\u00bbyes\u00bb medium_visibility=\u00bbyes\u00bb][vc_column width=\u00bb1\/1&#8243;][vc_column_text uncode_shortcode_id=\u00bb103402&#8243;]<span style=\"color: #006f7e; line-height: 18px; font-size: 20px;\">Productos<\/span><br \/>\n<span style=\"color: #009f98; line-height: 25px; font-size: 40px; font-family: 'nexa_boldregular';\">Fruta deshidratada<\/span>[\/vc_column_text][vc_column_text uncode_shortcode_id=\u00bb178881&#8243;]<strong>Envases de Low Oxygen para fruta deshidratada<\/strong><br \/>\nLa fruta deshidratada (agr\u00edcola) de alta calidad est\u00e1 sometida a condiciones que provocan un deterioro de la calidad durante su almacenamiento y transporte. La p\u00e9rdida de peso, el secado de la fruta deshidratada, la infestaci\u00f3n de insectos y el desarrollo de moho aerobio pueden reducirse significativamente envasando el producto con los revestimientos SMART de Oxy-Low. El sistema de envasado completo de Oxy-Low, inclusive el equipo de envasado y los envoltorios SMART complementarios, son adecuados para varios productos y especificaciones de envasado. Tanto bolsas grandes como bolsas peque\u00f1as para los consumidores.[\/vc_column_text][vc_button button_color=\u00bbaccent\u00bb radius=\u00bbbtn-circle\u00bb hover_fx=\u00bboutlined\u00bb border_width=\u00bb0&#8243; link=\u00bburl:https%3A%2F%2Foxylow.com%2Fes%2Fcontacto%2F|title:Contact\u00bb button_color_type=\u00bbuncode-palette\u00bb uncode_shortcode_id=\u00bb129515&#8243;]Cont\u00e1ctanos[\/vc_button][vc_empty_space empty_h=\u00bb2&#8243;][vc_row_inner row_inner_height_percent=\u00bb0&#8243; overlay_alpha=\u00bb50&#8243; equal_height=\u00bbyes\u00bb gutter_size=\u00bb2&#8243; shift_y=\u00bb0&#8243; z_index=\u00bb0&#8243; css=\u00bb.vc_custom_1596717174257{margin-top: 10px !important;margin-bottom: 10px !important;padding-top: 0px !important;padding-bottom: 0px !important;}\u00bb][vc_column_inner column_width_percent=\u00bb100&#8243; position_vertical=\u00bbmiddle\u00bb align_horizontal=\u00bbalign_center\u00bb gutter_size=\u00bb3&#8243; override_padding=\u00bbyes\u00bb column_padding=\u00bb1&#8243; overlay_alpha=\u00bb50&#8243; shift_x=\u00bb0&#8243; shift_y=\u00bb0&#8243; shift_y_down=\u00bb0&#8243; z_index=\u00bb0&#8243; medium_width=\u00bb0&#8243; mobile_width=\u00bb0&#8243; width=\u00bb1\/1&#8243;][vc_column_text uncode_shortcode_id=\u00bb711715&#8243;]<\/p>\n<h2>Beneficios<\/h2>\n<p>[\/vc_column_text][vc_single_image media=\u00bb446&#8243; media_width_use_pixel=\u00bbyes\u00bb alignment=\u00bbcenter\u00bb media_width_pixel=\u00bb75&#8243;][vc_column_text uncode_shortcode_id=\u00bb841484&#8243;]<span style=\"font-weight: bold; vertical-align: middle;\">Eliminaci\u00f3n total de los insectos<\/span>[\/vc_column_text][vc_column_text]<\/p>\n<hr \/>\n<p>[\/vc_column_text][vc_single_image media=\u00bb446&#8243; media_width_use_pixel=\u00bbyes\u00bb alignment=\u00bbcenter\u00bb media_width_pixel=\u00bb75&#8243;][vc_column_text uncode_shortcode_id=\u00bb854054&#8243;]<span style=\"font-weight: bold; vertical-align: middle;\">Sin residuos de insectos en el producto<\/span>[\/vc_column_text][vc_column_text]<\/p>\n<hr \/>\n<p>[\/vc_column_text][vc_single_image media=\u00bb446&#8243; media_width_use_pixel=\u00bbyes\u00bb alignment=\u00bbcenter\u00bb media_width_pixel=\u00bb75&#8243;][vc_column_text uncode_shortcode_id=\u00bb330025&#8243;]<span style=\"font-weight: bold; vertical-align: middle;\">Sin resistencia por parte de los insectos<\/span>[\/vc_column_text][\/vc_column_inner][\/vc_row_inner][\/vc_column][\/vc_row][vc_row][vc_column width=\u00bb1\/1&#8243;][uncode_block id=\u00bb2367&#8243;][\/vc_column][\/vc_row]<\/p>\n<\/div>","protected":false},"excerpt":{"rendered":"<p>[vc_row row_height_percent=\u00bb0&#8243; override_padding=\u00bbyes\u00bb h_padding=\u00bb2&#8243; top_padding=\u00bb3&#8243; bottom_padding=\u00bb3&#8243; overlay_alpha=\u00bb50&#8243; gutter_size=\u00bb3&#8243; column_width_percent=\u00bb100&#8243; shift_y=\u00bb0&#8243; z_index=\u00bb0&#8243; medium_visibility=\u00bbyes\u00bb mobile_visibility=\u00bbyes\u00bb][vc_column width=\u00bb1\/2&#8243;][vc_column_text uncode_shortcode_id=\u00bb172247&#8243;]Productos Fruta deshidratada[\/vc_column_text][vc_column_text uncode_shortcode_id=\u00bb115844&#8243;]Envases de Low [&hellip;]<\/p>\n","protected":false},"author":1,"featured_media":116,"parent":0,"menu_order":0,"comment_status":"closed","ping_status":"closed","template":"","meta":{"content-type":"","footnotes":""},"class_list":["post-2371","page","type-page","status-publish","has-post-thumbnail","hentry"],"yoast_head":"<!-- This site is optimized with the Yoast SEO plugin v27.3 - https:\/\/yoast.com\/product\/yoast-seo-wordpress\/ -->\n<title>Fruta deshidratada - Oxylow<\/title>\n<meta name=\"description\" content=\"La fruta deshidratada (agr\u00edcola) de alta calidad est\u00e1 sometida a condiciones que provocan un deterioro de la calidad durante su almacenamiento y transporte.\" \/>\n<meta name=\"robots\" content=\"index, follow, max-snippet:-1, max-image-preview:large, max-video-preview:-1\" \/>\n<link rel=\"canonical\" href=\"https:\/\/oxylow.com\/es\/fruta-deshidratada\/\" \/>\n<meta property=\"og:locale\" content=\"es_ES\" \/>\n<meta property=\"og:type\" content=\"article\" \/>\n<meta property=\"og:title\" content=\"Fruta deshidratada - Oxylow\" \/>\n<meta property=\"og:description\" content=\"La fruta deshidratada (agr\u00edcola) de alta calidad est\u00e1 sometida a condiciones que provocan un deterioro de la calidad durante su almacenamiento y transporte.\" \/>\n<meta property=\"og:url\" content=\"https:\/\/oxylow.com\/es\/fruta-deshidratada\/\" \/>\n<meta property=\"og:site_name\" content=\"Oxylow\" \/>\n<meta property=\"article:modified_time\" content=\"2023-01-26T10:21:28+00:00\" \/>\n<meta property=\"og:image\" content=\"https:\/\/oxylow.com\/wp-content\/uploads\/2020\/07\/Oxylow-commodities-dried-fruit.jpg\" \/>\n\t<meta property=\"og:image:width\" content=\"500\" \/>\n\t<meta property=\"og:image:height\" content=\"500\" \/>\n\t<meta property=\"og:image:type\" content=\"image\/jpeg\" \/>\n<meta name=\"twitter:card\" content=\"summary_large_image\" \/>\n<meta name=\"twitter:label1\" content=\"Tiempo de lectura\" \/>\n\t<meta name=\"twitter:data1\" content=\"4 minutos\" \/>\n<script type=\"application\/ld+json\" class=\"yoast-schema-graph\">{\"@context\":\"https:\\\/\\\/schema.org\",\"@graph\":[{\"@type\":\"WebPage\",\"@id\":\"https:\\\/\\\/oxylow.com\\\/es\\\/fruta-deshidratada\\\/\",\"url\":\"https:\\\/\\\/oxylow.com\\\/es\\\/fruta-deshidratada\\\/\",\"name\":\"Fruta deshidratada - Oxylow\",\"isPartOf\":{\"@id\":\"https:\\\/\\\/oxylow.com\\\/es\\\/#website\"},\"primaryImageOfPage\":{\"@id\":\"https:\\\/\\\/oxylow.com\\\/es\\\/fruta-deshidratada\\\/#primaryimage\"},\"image\":{\"@id\":\"https:\\\/\\\/oxylow.com\\\/es\\\/fruta-deshidratada\\\/#primaryimage\"},\"thumbnailUrl\":\"https:\\\/\\\/oxylow.com\\\/wp-content\\\/uploads\\\/2020\\\/07\\\/Oxylow-commodities-dried-fruit.jpg\",\"datePublished\":\"2020-08-17T13:47:07+00:00\",\"dateModified\":\"2023-01-26T10:21:28+00:00\",\"description\":\"La fruta deshidratada (agr\u00edcola) de alta calidad est\u00e1 sometida a condiciones que provocan un deterioro de la calidad durante su almacenamiento y transporte.\",\"breadcrumb\":{\"@id\":\"https:\\\/\\\/oxylow.com\\\/es\\\/fruta-deshidratada\\\/#breadcrumb\"},\"inLanguage\":\"es\",\"potentialAction\":[{\"@type\":\"ReadAction\",\"target\":[\"https:\\\/\\\/oxylow.com\\\/es\\\/fruta-deshidratada\\\/\"]}]},{\"@type\":\"ImageObject\",\"inLanguage\":\"es\",\"@id\":\"https:\\\/\\\/oxylow.com\\\/es\\\/fruta-deshidratada\\\/#primaryimage\",\"url\":\"https:\\\/\\\/oxylow.com\\\/wp-content\\\/uploads\\\/2020\\\/07\\\/Oxylow-commodities-dried-fruit.jpg\",\"contentUrl\":\"https:\\\/\\\/oxylow.com\\\/wp-content\\\/uploads\\\/2020\\\/07\\\/Oxylow-commodities-dried-fruit.jpg\",\"width\":500,\"height\":500},{\"@type\":\"BreadcrumbList\",\"@id\":\"https:\\\/\\\/oxylow.com\\\/es\\\/fruta-deshidratada\\\/#breadcrumb\",\"itemListElement\":[{\"@type\":\"ListItem\",\"position\":1,\"name\":\"Home\",\"item\":\"https:\\\/\\\/oxylow.com\\\/es\\\/\"},{\"@type\":\"ListItem\",\"position\":2,\"name\":\"Fruta deshidratada\"}]},{\"@type\":\"WebSite\",\"@id\":\"https:\\\/\\\/oxylow.com\\\/es\\\/#website\",\"url\":\"https:\\\/\\\/oxylow.com\\\/es\\\/\",\"name\":\"Oxylow\",\"description\":\"Commodity protection\",\"potentialAction\":[{\"@type\":\"SearchAction\",\"target\":{\"@type\":\"EntryPoint\",\"urlTemplate\":\"https:\\\/\\\/oxylow.com\\\/es\\\/?s={search_term_string}\"},\"query-input\":{\"@type\":\"PropertyValueSpecification\",\"valueRequired\":true,\"valueName\":\"search_term_string\"}}],\"inLanguage\":\"es\"}]}<\/script>\n<!-- \/ Yoast SEO plugin. -->","yoast_head_json":{"title":"Fruta deshidratada - Oxylow","description":"La fruta deshidratada (agr\u00edcola) de alta calidad est\u00e1 sometida a condiciones que provocan un deterioro de la calidad durante su almacenamiento y transporte.","robots":{"index":"index","follow":"follow","max-snippet":"max-snippet:-1","max-image-preview":"max-image-preview:large","max-video-preview":"max-video-preview:-1"},"canonical":"https:\/\/oxylow.com\/es\/fruta-deshidratada\/","og_locale":"es_ES","og_type":"article","og_title":"Fruta deshidratada - Oxylow","og_description":"La fruta deshidratada (agr\u00edcola) de alta calidad est\u00e1 sometida a condiciones que provocan un deterioro de la calidad durante su almacenamiento y transporte.","og_url":"https:\/\/oxylow.com\/es\/fruta-deshidratada\/","og_site_name":"Oxylow","article_modified_time":"2023-01-26T10:21:28+00:00","og_image":[{"width":500,"height":500,"url":"https:\/\/oxylow.com\/wp-content\/uploads\/2020\/07\/Oxylow-commodities-dried-fruit.jpg","type":"image\/jpeg"}],"twitter_card":"summary_large_image","twitter_misc":{"Tiempo de lectura":"4 minutos"},"schema":{"@context":"https:\/\/schema.org","@graph":[{"@type":"WebPage","@id":"https:\/\/oxylow.com\/es\/fruta-deshidratada\/","url":"https:\/\/oxylow.com\/es\/fruta-deshidratada\/","name":"Fruta deshidratada - Oxylow","isPartOf":{"@id":"https:\/\/oxylow.com\/es\/#website"},"primaryImageOfPage":{"@id":"https:\/\/oxylow.com\/es\/fruta-deshidratada\/#primaryimage"},"image":{"@id":"https:\/\/oxylow.com\/es\/fruta-deshidratada\/#primaryimage"},"thumbnailUrl":"https:\/\/oxylow.com\/wp-content\/uploads\/2020\/07\/Oxylow-commodities-dried-fruit.jpg","datePublished":"2020-08-17T13:47:07+00:00","dateModified":"2023-01-26T10:21:28+00:00","description":"La fruta deshidratada (agr\u00edcola) de alta calidad est\u00e1 sometida a condiciones que provocan un deterioro de la calidad durante su almacenamiento y transporte.","breadcrumb":{"@id":"https:\/\/oxylow.com\/es\/fruta-deshidratada\/#breadcrumb"},"inLanguage":"es","potentialAction":[{"@type":"ReadAction","target":["https:\/\/oxylow.com\/es\/fruta-deshidratada\/"]}]},{"@type":"ImageObject","inLanguage":"es","@id":"https:\/\/oxylow.com\/es\/fruta-deshidratada\/#primaryimage","url":"https:\/\/oxylow.com\/wp-content\/uploads\/2020\/07\/Oxylow-commodities-dried-fruit.jpg","contentUrl":"https:\/\/oxylow.com\/wp-content\/uploads\/2020\/07\/Oxylow-commodities-dried-fruit.jpg","width":500,"height":500},{"@type":"BreadcrumbList","@id":"https:\/\/oxylow.com\/es\/fruta-deshidratada\/#breadcrumb","itemListElement":[{"@type":"ListItem","position":1,"name":"Home","item":"https:\/\/oxylow.com\/es\/"},{"@type":"ListItem","position":2,"name":"Fruta deshidratada"}]},{"@type":"WebSite","@id":"https:\/\/oxylow.com\/es\/#website","url":"https:\/\/oxylow.com\/es\/","name":"Oxylow","description":"Commodity protection","potentialAction":[{"@type":"SearchAction","target":{"@type":"EntryPoint","urlTemplate":"https:\/\/oxylow.com\/es\/?s={search_term_string}"},"query-input":{"@type":"PropertyValueSpecification","valueRequired":true,"valueName":"search_term_string"}}],"inLanguage":"es"}]}},"_links":{"self":[{"href":"https:\/\/oxylow.com\/es\/wp-json\/wp\/v2\/pages\/2371","targetHints":{"allow":["GET"]}}],"collection":[{"href":"https:\/\/oxylow.com\/es\/wp-json\/wp\/v2\/pages"}],"about":[{"href":"https:\/\/oxylow.com\/es\/wp-json\/wp\/v2\/types\/page"}],"author":[{"embeddable":true,"href":"https:\/\/oxylow.com\/es\/wp-json\/wp\/v2\/users\/1"}],"replies":[{"embeddable":true,"href":"https:\/\/oxylow.com\/es\/wp-json\/wp\/v2\/comments?post=2371"}],"version-history":[{"count":2,"href":"https:\/\/oxylow.com\/es\/wp-json\/wp\/v2\/pages\/2371\/revisions"}],"predecessor-version":[{"id":2373,"href":"https:\/\/oxylow.com\/es\/wp-json\/wp\/v2\/pages\/2371\/revisions\/2373"}],"wp:featuredmedia":[{"embeddable":true,"href":"https:\/\/oxylow.com\/es\/wp-json\/wp\/v2\/media\/116"}],"wp:attachment":[{"href":"https:\/\/oxylow.com\/es\/wp-json\/wp\/v2\/media?parent=2371"}],"curies":[{"name":"wp","href":"https:\/\/api.w.org\/{rel}","templated":true}]}}