{"id":2386,"date":"2020-08-17T14:55:39","date_gmt":"2020-08-17T14:55:39","guid":{"rendered":"https:\/\/oxylow.com\/?page_id=2386"},"modified":"2023-01-26T10:41:33","modified_gmt":"2023-01-26T10:41:33","slug":"hebras","status":"publish","type":"page","link":"https:\/\/oxylow.com\/es\/hebras\/","title":{"rendered":"Hebras"},"content":{"rendered":"<div class=\"wpb-content-wrapper\"><p>[vc_row row_height_percent=\u00bb0&#8243; override_padding=\u00bbyes\u00bb h_padding=\u00bb2&#8243; top_padding=\u00bb3&#8243; bottom_padding=\u00bb3&#8243; overlay_alpha=\u00bb50&#8243; gutter_size=\u00bb3&#8243; column_width_percent=\u00bb100&#8243; shift_y=\u00bb0&#8243; z_index=\u00bb0&#8243; medium_visibility=\u00bbyes\u00bb mobile_visibility=\u00bbyes\u00bb][vc_column width=\u00bb1\/6&#8243;][\/vc_column][vc_column width=\u00bb2\/3&#8243;][vc_column_text uncode_shortcode_id=\u00bb127277&#8243;]<span style=\"color: #009f98; line-height: 25px; font-size: 40px; font-family: 'nexa_boldregular';\">Hebras<\/span>[\/vc_column_text][vc_column_text uncode_shortcode_id=\u00bb108916&#8243;]<span style=\"font-weight: bold;\">Las soluciones de envasado de Oxy-Low para productos alimenticios est\u00e1n especialmente dise\u00f1adas para preservar la calidad y proteger el producto de la infestaci\u00f3n de insectos.<\/span>[\/vc_column_text][vc_empty_space empty_h=\u00bb1&#8243;][vc_column_text uncode_shortcode_id=\u00bb964634&#8243;]<\/p>\n<h2>Beneficios<\/h2>\n<p>[\/vc_column_text][vc_empty_space empty_h=\u00bb1&#8243;][vc_row_inner row_inner_height_percent=\u00bb0&#8243; overlay_alpha=\u00bb50&#8243; equal_height=\u00bbyes\u00bb gutter_size=\u00bb2&#8243; shift_y=\u00bb0&#8243; z_index=\u00bb0&#8243; css=\u00bb.vc_custom_1596717174257{margin-top: 10px !important;margin-bottom: 10px !important;padding-top: 0px !important;padding-bottom: 0px !important;}\u00bb][vc_column_inner column_width_percent=\u00bb100&#8243; position_horizontal=\u00bbright\u00bb align_horizontal=\u00bbalign_right\u00bb gutter_size=\u00bb3&#8243; override_padding=\u00bbyes\u00bb column_padding=\u00bb1&#8243; overlay_alpha=\u00bb50&#8243; shift_x=\u00bb0&#8243; shift_y=\u00bb0&#8243; shift_y_down=\u00bb0&#8243; z_index=\u00bb0&#8243; medium_width=\u00bb0&#8243; mobile_width=\u00bb0&#8243; width=\u00bb2\/12&#8243;][vc_single_image media=\u00bb441&#8243; media_width_percent=\u00bb75&#8243; alignment=\u00bbright\u00bb][\/vc_column_inner][vc_column_inner column_width_percent=\u00bb100&#8243; position_vertical=\u00bbmiddle\u00bb gutter_size=\u00bb3&#8243; override_padding=\u00bbyes\u00bb column_padding=\u00bb1&#8243; overlay_alpha=\u00bb50&#8243; shift_x=\u00bb0&#8243; shift_y=\u00bb0&#8243; shift_y_down=\u00bb0&#8243; z_index=\u00bb0&#8243; medium_width=\u00bb0&#8243; mobile_width=\u00bb0&#8243; width=\u00bb10\/12&#8243;][vc_column_text uncode_shortcode_id=\u00bb182477&#8243;]<\/p>\n<p style=\"line-height: 1.25 !important;\"><strong>Sistemas de envasado a niveles bajos de ox\u00edgeno<\/strong><\/p>\n<p>La l\u00ednea de envasado de Oxy-Low est\u00e1 dise\u00f1ada para envasar productos finales en condiciones de atm\u00f3sfera modificada. El innovador equipo de envasado y los recubrimientos complementarios con barrera de ox\u00edgeno modifican la atm\u00f3sfera interna del envasado. Protege el producto de un deterioro de la calidad y frente a la infestaci\u00f3n de insectos. Nuestra l\u00ednea de envasado est\u00e1 dise\u00f1ada para cumplir con los requisitos espec\u00edficos de los productos.[\/vc_column_text][\/vc_column_inner][\/vc_row_inner][vc_empty_space empty_h=\u00bb1&#8243;][vc_row_inner row_inner_height_percent=\u00bb0&#8243; overlay_alpha=\u00bb50&#8243; equal_height=\u00bbyes\u00bb gutter_size=\u00bb2&#8243; shift_y=\u00bb0&#8243; z_index=\u00bb0&#8243; css=\u00bb.vc_custom_1596717174257{margin-top: 10px !important;margin-bottom: 10px !important;padding-top: 0px !important;padding-bottom: 0px !important;}\u00bb][vc_column_inner column_width_percent=\u00bb100&#8243; position_horizontal=\u00bbright\u00bb align_horizontal=\u00bbalign_right\u00bb gutter_size=\u00bb3&#8243; override_padding=\u00bbyes\u00bb column_padding=\u00bb1&#8243; overlay_alpha=\u00bb50&#8243; shift_x=\u00bb0&#8243; shift_y=\u00bb0&#8243; shift_y_down=\u00bb0&#8243; z_index=\u00bb0&#8243; medium_width=\u00bb0&#8243; mobile_width=\u00bb0&#8243; width=\u00bb2\/12&#8243;][vc_single_image media=\u00bb450&#8243; media_width_percent=\u00bb75&#8243; alignment=\u00bbright\u00bb][\/vc_column_inner][vc_column_inner column_width_percent=\u00bb100&#8243; position_vertical=\u00bbmiddle\u00bb gutter_size=\u00bb3&#8243; override_padding=\u00bbyes\u00bb column_padding=\u00bb1&#8243; overlay_alpha=\u00bb50&#8243; shift_x=\u00bb0&#8243; shift_y=\u00bb0&#8243; shift_y_down=\u00bb0&#8243; z_index=\u00bb0&#8243; medium_width=\u00bb0&#8243; mobile_width=\u00bb0&#8243; width=\u00bb10\/12&#8243;][vc_column_text uncode_shortcode_id=\u00bb517461&#8243;]<\/p>\n<p style=\"line-height: 1.25 !important;\"><strong>\u00a1Mant\u00e9n tus productos frescos!<\/strong><\/p>\n<p>Es todo un reto proteger los productos frente al deterioro de calidad causada por agentes externos. Nuestras soluciones de envasado a niveles bajos de ox\u00edgeno protegen la calidad de los productos durante su transporte y almacenamiento. El envoltorio SMART ayuda a reducir los efectos negativos del ox\u00edgeno: p\u00e9rdida de peso y masa, decoloraci\u00f3n, grado de humedad variante y p\u00e9rdida del sabor y el aroma. Conserva la frescura del producto y contribuye a un tiempo de conservaci\u00f3n prolongado.[\/vc_column_text][\/vc_column_inner][\/vc_row_inner][vc_empty_space empty_h=\u00bb1&#8243;][vc_row_inner row_inner_height_percent=\u00bb0&#8243; overlay_alpha=\u00bb50&#8243; equal_height=\u00bbyes\u00bb gutter_size=\u00bb2&#8243; shift_y=\u00bb0&#8243; z_index=\u00bb0&#8243; css=\u00bb.vc_custom_1596717174257{margin-top: 10px !important;margin-bottom: 10px !important;padding-top: 0px !important;padding-bottom: 0px !important;}\u00bb][vc_column_inner column_width_percent=\u00bb100&#8243; position_horizontal=\u00bbright\u00bb align_horizontal=\u00bbalign_right\u00bb gutter_size=\u00bb3&#8243; override_padding=\u00bbyes\u00bb column_padding=\u00bb1&#8243; overlay_alpha=\u00bb50&#8243; shift_x=\u00bb0&#8243; shift_y=\u00bb0&#8243; shift_y_down=\u00bb0&#8243; z_index=\u00bb0&#8243; medium_width=\u00bb0&#8243; mobile_width=\u00bb0&#8243; width=\u00bb2\/12&#8243;][vc_single_image media=\u00bb446&#8243; media_width_percent=\u00bb75&#8243; alignment=\u00bbright\u00bb][\/vc_column_inner][vc_column_inner column_width_percent=\u00bb100&#8243; position_vertical=\u00bbmiddle\u00bb gutter_size=\u00bb3&#8243; override_padding=\u00bbyes\u00bb column_padding=\u00bb1&#8243; overlay_alpha=\u00bb50&#8243; shift_x=\u00bb0&#8243; shift_y=\u00bb0&#8243; shift_y_down=\u00bb0&#8243; z_index=\u00bb0&#8243; medium_width=\u00bb0&#8243; mobile_width=\u00bb0&#8243; width=\u00bb10\/12&#8243;][vc_column_text uncode_shortcode_id=\u00bb135754&#8243;]<\/p>\n<p style=\"line-height: 1.25 !important;\"><strong>Sin insectos = \u00a1sin fumigaciones y sin congelar! <\/strong><\/p>\n<p>Todos los envoltorios SMART ayudan a proteger los productos envasados de los insectos durante su almacenamiento y transporte. Es la alternativa a las fumigaciones tradicionales (t\u00f3xicas), el almacenamiento en fr\u00edo y los tratamientos de congelaci\u00f3n. Las condiciones con niveles bajos de ox\u00edgeno dentro del envasado ayudan a la eliminaci\u00f3n de los insectos mientras que el sellado herm\u00e9tico protege al producto de la infestaci\u00f3n de insectos.[\/vc_column_text][\/vc_column_inner][\/vc_row_inner][vc_button button_color=\u00bbaccent\u00bb radius=\u00bbbtn-circle\u00bb hover_fx=\u00bboutlined\u00bb border_width=\u00bb0&#8243; link=\u00bburl:https%3A%2F%2Foxylow.com%2Fes%2Fcontacto%2F|title:Contact\u00bb button_color_type=\u00bbuncode-palette\u00bb uncode_shortcode_id=\u00bb212281&#8243;]Cont\u00e1ctanos[\/vc_button][\/vc_column][vc_column width=\u00bb1\/6&#8243;][\/vc_column][\/vc_row][vc_row row_height_percent=\u00bb0&#8243; override_padding=\u00bbyes\u00bb h_padding=\u00bb2&#8243; top_padding=\u00bb3&#8243; bottom_padding=\u00bb3&#8243; overlay_alpha=\u00bb50&#8243; gutter_size=\u00bb3&#8243; column_width_percent=\u00bb100&#8243; shift_y=\u00bb0&#8243; z_index=\u00bb0&#8243; desktop_visibility=\u00bbyes\u00bb][vc_column width=\u00bb1\/1&#8243;][vc_column_text uncode_shortcode_id=\u00bb130427&#8243;]<span style=\"color: #009f98; line-height: 25px; font-size: 40px; font-family: 'nexa_boldregular';\">Hebras<\/span>[\/vc_column_text][vc_column_text uncode_shortcode_id=\u00bb206093&#8243;]<span style=\"font-weight: bold;\">Las soluciones de envasado de Oxy-Low para productos alimenticios est\u00e1n especialmente dise\u00f1adas para preservar la calidad y proteger el producto de la infestaci\u00f3n de insectos.<\/span>[\/vc_column_text][vc_empty_space empty_h=\u00bb1&#8243;][vc_column_text uncode_shortcode_id=\u00bb134353&#8243;]<\/p>\n<h2>Beneficios<\/h2>\n<p>[\/vc_column_text][vc_empty_space empty_h=\u00bb1&#8243;][vc_row_inner row_inner_height_percent=\u00bb0&#8243; overlay_alpha=\u00bb50&#8243; equal_height=\u00bbyes\u00bb gutter_size=\u00bb2&#8243; shift_y=\u00bb0&#8243; z_index=\u00bb0&#8243; css=\u00bb.vc_custom_1596717174257{margin-top: 10px !important;margin-bottom: 10px !important;padding-top: 0px !important;padding-bottom: 0px !important;}\u00bb][vc_column_inner column_width_percent=\u00bb100&#8243; position_horizontal=\u00bbleft\u00bb gutter_size=\u00bb3&#8243; override_padding=\u00bbyes\u00bb column_padding=\u00bb1&#8243; overlay_alpha=\u00bb50&#8243; shift_x=\u00bb0&#8243; shift_y=\u00bb0&#8243; shift_y_down=\u00bb0&#8243; z_index=\u00bb0&#8243; medium_width=\u00bb0&#8243; mobile_width=\u00bb0&#8243; width=\u00bb1\/1&#8243;][vc_single_image media=\u00bb441&#8243; media_width_use_pixel=\u00bbyes\u00bb media_width_pixel=\u00bb75&#8243;][vc_column_text uncode_shortcode_id=\u00bb267079&#8243;]<span style=\"font-weight: bold; vertical-align: middle;\">Sistemas de envasado a niveles bajos de ox\u00edgeno<\/span><br \/>\nLa l\u00ednea de envasado de Oxy-Low est\u00e1 dise\u00f1ada para envasar productos finales en condiciones de atm\u00f3sfera modificada. El innovador equipo de envasado y los recubrimientos complementarios con barrera de ox\u00edgeno modifican la atm\u00f3sfera interna del envasado. Protege el producto de un deterioro de la calidad y frente a la infestaci\u00f3n de insectos. Nuestra l\u00ednea de envasado est\u00e1 dise\u00f1ada para cumplir con los requisitos espec\u00edficos de los productos.[\/vc_column_text][vc_column_text]<\/p>\n<hr \/>\n<p>[\/vc_column_text][vc_single_image media=\u00bb450&#8243; media_width_use_pixel=\u00bbyes\u00bb media_width_pixel=\u00bb75&#8243;][vc_column_text uncode_shortcode_id=\u00bb188180&#8243;]<span style=\"font-weight: bold; vertical-align: middle;\">\u00a1Mant\u00e9n tus productos frescos!<\/span><br \/>\nEs todo un reto proteger los productos frente al deterioro de calidad causada por agentes externos. Nuestras soluciones de envasado a niveles bajos de ox\u00edgeno protegen la calidad de los productos durante su transporte y almacenamiento. El envoltorio SMART ayuda a reducir los efectos negativos del ox\u00edgeno: p\u00e9rdida de peso y masa, decoloraci\u00f3n, grado de humedad variante y p\u00e9rdida del sabor y el aroma. Conserva la frescura del producto y contribuye a un tiempo de conservaci\u00f3n prolongado.[\/vc_column_text][vc_column_text]<\/p>\n<hr \/>\n<p>[\/vc_column_text][vc_single_image media=\u00bb446&#8243; media_width_use_pixel=\u00bbyes\u00bb media_width_pixel=\u00bb75&#8243;][vc_column_text uncode_shortcode_id=\u00bb415776&#8243;]<span style=\"font-weight: bold; vertical-align: middle;\">Sin insectos = \u00a1sin fumigaciones y sin congelar! <\/span><br \/>\nTodos los envoltorios SMART ayudan a proteger los productos envasados de los insectos durante su almacenamiento y transporte. Es la alternativa a las fumigaciones tradicionales (t\u00f3xicas), el almacenamiento en fr\u00edo y los tratamientos de congelaci\u00f3n. Las condiciones con niveles bajos de ox\u00edgeno dentro del envasado ayudan a la eliminaci\u00f3n de los insectos mientras que el sellado herm\u00e9tico protege al producto de la infestaci\u00f3n de insectos.[\/vc_column_text][\/vc_column_inner][\/vc_row_inner][vc_button button_color=\u00bbaccent\u00bb radius=\u00bbbtn-circle\u00bb hover_fx=\u00bboutlined\u00bb border_width=\u00bb0&#8243; link=\u00bburl:https%3A%2F%2Foxylow.com%2Fes%2Fcontacto%2F|title:Contact\u00bb button_color_type=\u00bbuncode-palette\u00bb uncode_shortcode_id=\u00bb823149&#8243;]Cont\u00e1ctanos[\/vc_button][\/vc_column][\/vc_row][vc_row][vc_column width=\u00bb1\/1&#8243;][uncode_block id=\u00bb2382&#8243;][\/vc_column][\/vc_row]<\/p>\n<\/div>","protected":false},"excerpt":{"rendered":"<p>[vc_row row_height_percent=\u00bb0&#8243; override_padding=\u00bbyes\u00bb h_padding=\u00bb2&#8243; top_padding=\u00bb3&#8243; bottom_padding=\u00bb3&#8243; overlay_alpha=\u00bb50&#8243; gutter_size=\u00bb3&#8243; column_width_percent=\u00bb100&#8243; shift_y=\u00bb0&#8243; z_index=\u00bb0&#8243; medium_visibility=\u00bbyes\u00bb mobile_visibility=\u00bbyes\u00bb][vc_column width=\u00bb1\/6&#8243;][\/vc_column][vc_column width=\u00bb2\/3&#8243;][vc_column_text uncode_shortcode_id=\u00bb127277&#8243;]Hebras[\/vc_column_text][vc_column_text uncode_shortcode_id=\u00bb108916&#8243;]Las soluciones de envasado [&hellip;]<\/p>\n","protected":false},"author":1,"featured_media":117,"parent":0,"menu_order":0,"comment_status":"closed","ping_status":"closed","template":"","meta":{"content-type":"","footnotes":""},"class_list":["post-2386","page","type-page","status-publish","has-post-thumbnail","hentry"],"yoast_head":"<!-- This site is optimized with the Yoast SEO plugin v27.3 - https:\/\/yoast.com\/product\/yoast-seo-wordpress\/ -->\n<title>Hebras - Oxylow<\/title>\n<meta name=\"description\" content=\"Las soluciones de envasado de Oxy-Low para productos alimenticios est\u00e1n especialmente dise\u00f1adas para preservar la calidad y proteger el producto de la infestaci\u00f3n de insectos.\" \/>\n<meta name=\"robots\" content=\"index, follow, max-snippet:-1, max-image-preview:large, max-video-preview:-1\" \/>\n<link rel=\"canonical\" href=\"https:\/\/oxylow.com\/es\/hebras\/\" \/>\n<meta property=\"og:locale\" content=\"es_ES\" \/>\n<meta property=\"og:type\" content=\"article\" \/>\n<meta property=\"og:title\" content=\"Hebras - Oxylow\" \/>\n<meta property=\"og:description\" content=\"Las soluciones de envasado de Oxy-Low para productos alimenticios est\u00e1n especialmente dise\u00f1adas para preservar la calidad y proteger el producto de la infestaci\u00f3n de insectos.\" \/>\n<meta property=\"og:url\" content=\"https:\/\/oxylow.com\/es\/hebras\/\" \/>\n<meta property=\"og:site_name\" content=\"Oxylow\" \/>\n<meta property=\"article:modified_time\" content=\"2023-01-26T10:41:33+00:00\" \/>\n<meta property=\"og:image\" content=\"https:\/\/oxylow.com\/wp-content\/uploads\/2020\/07\/Oxylow-tobacco-cut-rag.jpg\" \/>\n\t<meta property=\"og:image:width\" content=\"500\" \/>\n\t<meta property=\"og:image:height\" content=\"500\" \/>\n\t<meta property=\"og:image:type\" content=\"image\/jpeg\" \/>\n<meta name=\"twitter:card\" content=\"summary_large_image\" \/>\n<meta name=\"twitter:label1\" content=\"Tiempo de lectura\" \/>\n\t<meta name=\"twitter:data1\" content=\"4 minutos\" \/>\n<script type=\"application\/ld+json\" class=\"yoast-schema-graph\">{\"@context\":\"https:\\\/\\\/schema.org\",\"@graph\":[{\"@type\":\"WebPage\",\"@id\":\"https:\\\/\\\/oxylow.com\\\/es\\\/hebras\\\/\",\"url\":\"https:\\\/\\\/oxylow.com\\\/es\\\/hebras\\\/\",\"name\":\"Hebras - Oxylow\",\"isPartOf\":{\"@id\":\"https:\\\/\\\/oxylow.com\\\/es\\\/#website\"},\"primaryImageOfPage\":{\"@id\":\"https:\\\/\\\/oxylow.com\\\/es\\\/hebras\\\/#primaryimage\"},\"image\":{\"@id\":\"https:\\\/\\\/oxylow.com\\\/es\\\/hebras\\\/#primaryimage\"},\"thumbnailUrl\":\"https:\\\/\\\/oxylow.com\\\/wp-content\\\/uploads\\\/2020\\\/07\\\/Oxylow-tobacco-cut-rag.jpg\",\"datePublished\":\"2020-08-17T14:55:39+00:00\",\"dateModified\":\"2023-01-26T10:41:33+00:00\",\"description\":\"Las soluciones de envasado de Oxy-Low para productos alimenticios est\u00e1n especialmente dise\u00f1adas para preservar la calidad y proteger el producto de la infestaci\u00f3n de insectos.\",\"breadcrumb\":{\"@id\":\"https:\\\/\\\/oxylow.com\\\/es\\\/hebras\\\/#breadcrumb\"},\"inLanguage\":\"es\",\"potentialAction\":[{\"@type\":\"ReadAction\",\"target\":[\"https:\\\/\\\/oxylow.com\\\/es\\\/hebras\\\/\"]}]},{\"@type\":\"ImageObject\",\"inLanguage\":\"es\",\"@id\":\"https:\\\/\\\/oxylow.com\\\/es\\\/hebras\\\/#primaryimage\",\"url\":\"https:\\\/\\\/oxylow.com\\\/wp-content\\\/uploads\\\/2020\\\/07\\\/Oxylow-tobacco-cut-rag.jpg\",\"contentUrl\":\"https:\\\/\\\/oxylow.com\\\/wp-content\\\/uploads\\\/2020\\\/07\\\/Oxylow-tobacco-cut-rag.jpg\",\"width\":500,\"height\":500},{\"@type\":\"BreadcrumbList\",\"@id\":\"https:\\\/\\\/oxylow.com\\\/es\\\/hebras\\\/#breadcrumb\",\"itemListElement\":[{\"@type\":\"ListItem\",\"position\":1,\"name\":\"Home\",\"item\":\"https:\\\/\\\/oxylow.com\\\/es\\\/\"},{\"@type\":\"ListItem\",\"position\":2,\"name\":\"Hebras\"}]},{\"@type\":\"WebSite\",\"@id\":\"https:\\\/\\\/oxylow.com\\\/es\\\/#website\",\"url\":\"https:\\\/\\\/oxylow.com\\\/es\\\/\",\"name\":\"Oxylow\",\"description\":\"Commodity protection\",\"potentialAction\":[{\"@type\":\"SearchAction\",\"target\":{\"@type\":\"EntryPoint\",\"urlTemplate\":\"https:\\\/\\\/oxylow.com\\\/es\\\/?s={search_term_string}\"},\"query-input\":{\"@type\":\"PropertyValueSpecification\",\"valueRequired\":true,\"valueName\":\"search_term_string\"}}],\"inLanguage\":\"es\"}]}<\/script>\n<!-- \/ Yoast SEO plugin. -->","yoast_head_json":{"title":"Hebras - Oxylow","description":"Las soluciones de envasado de Oxy-Low para productos alimenticios est\u00e1n especialmente dise\u00f1adas para preservar la calidad y proteger el producto de la infestaci\u00f3n de insectos.","robots":{"index":"index","follow":"follow","max-snippet":"max-snippet:-1","max-image-preview":"max-image-preview:large","max-video-preview":"max-video-preview:-1"},"canonical":"https:\/\/oxylow.com\/es\/hebras\/","og_locale":"es_ES","og_type":"article","og_title":"Hebras - Oxylow","og_description":"Las soluciones de envasado de Oxy-Low para productos alimenticios est\u00e1n especialmente dise\u00f1adas para preservar la calidad y proteger el producto de la infestaci\u00f3n de insectos.","og_url":"https:\/\/oxylow.com\/es\/hebras\/","og_site_name":"Oxylow","article_modified_time":"2023-01-26T10:41:33+00:00","og_image":[{"width":500,"height":500,"url":"https:\/\/oxylow.com\/wp-content\/uploads\/2020\/07\/Oxylow-tobacco-cut-rag.jpg","type":"image\/jpeg"}],"twitter_card":"summary_large_image","twitter_misc":{"Tiempo de lectura":"4 minutos"},"schema":{"@context":"https:\/\/schema.org","@graph":[{"@type":"WebPage","@id":"https:\/\/oxylow.com\/es\/hebras\/","url":"https:\/\/oxylow.com\/es\/hebras\/","name":"Hebras - Oxylow","isPartOf":{"@id":"https:\/\/oxylow.com\/es\/#website"},"primaryImageOfPage":{"@id":"https:\/\/oxylow.com\/es\/hebras\/#primaryimage"},"image":{"@id":"https:\/\/oxylow.com\/es\/hebras\/#primaryimage"},"thumbnailUrl":"https:\/\/oxylow.com\/wp-content\/uploads\/2020\/07\/Oxylow-tobacco-cut-rag.jpg","datePublished":"2020-08-17T14:55:39+00:00","dateModified":"2023-01-26T10:41:33+00:00","description":"Las soluciones de envasado de Oxy-Low para productos alimenticios est\u00e1n especialmente dise\u00f1adas para preservar la calidad y proteger el producto de la infestaci\u00f3n de insectos.","breadcrumb":{"@id":"https:\/\/oxylow.com\/es\/hebras\/#breadcrumb"},"inLanguage":"es","potentialAction":[{"@type":"ReadAction","target":["https:\/\/oxylow.com\/es\/hebras\/"]}]},{"@type":"ImageObject","inLanguage":"es","@id":"https:\/\/oxylow.com\/es\/hebras\/#primaryimage","url":"https:\/\/oxylow.com\/wp-content\/uploads\/2020\/07\/Oxylow-tobacco-cut-rag.jpg","contentUrl":"https:\/\/oxylow.com\/wp-content\/uploads\/2020\/07\/Oxylow-tobacco-cut-rag.jpg","width":500,"height":500},{"@type":"BreadcrumbList","@id":"https:\/\/oxylow.com\/es\/hebras\/#breadcrumb","itemListElement":[{"@type":"ListItem","position":1,"name":"Home","item":"https:\/\/oxylow.com\/es\/"},{"@type":"ListItem","position":2,"name":"Hebras"}]},{"@type":"WebSite","@id":"https:\/\/oxylow.com\/es\/#website","url":"https:\/\/oxylow.com\/es\/","name":"Oxylow","description":"Commodity protection","potentialAction":[{"@type":"SearchAction","target":{"@type":"EntryPoint","urlTemplate":"https:\/\/oxylow.com\/es\/?s={search_term_string}"},"query-input":{"@type":"PropertyValueSpecification","valueRequired":true,"valueName":"search_term_string"}}],"inLanguage":"es"}]}},"_links":{"self":[{"href":"https:\/\/oxylow.com\/es\/wp-json\/wp\/v2\/pages\/2386","targetHints":{"allow":["GET"]}}],"collection":[{"href":"https:\/\/oxylow.com\/es\/wp-json\/wp\/v2\/pages"}],"about":[{"href":"https:\/\/oxylow.com\/es\/wp-json\/wp\/v2\/types\/page"}],"author":[{"embeddable":true,"href":"https:\/\/oxylow.com\/es\/wp-json\/wp\/v2\/users\/1"}],"replies":[{"embeddable":true,"href":"https:\/\/oxylow.com\/es\/wp-json\/wp\/v2\/comments?post=2386"}],"version-history":[{"count":2,"href":"https:\/\/oxylow.com\/es\/wp-json\/wp\/v2\/pages\/2386\/revisions"}],"predecessor-version":[{"id":2388,"href":"https:\/\/oxylow.com\/es\/wp-json\/wp\/v2\/pages\/2386\/revisions\/2388"}],"wp:featuredmedia":[{"embeddable":true,"href":"https:\/\/oxylow.com\/es\/wp-json\/wp\/v2\/media\/117"}],"wp:attachment":[{"href":"https:\/\/oxylow.com\/es\/wp-json\/wp\/v2\/media?parent=2386"}],"curies":[{"name":"wp","href":"https:\/\/api.w.org\/{rel}","templated":true}]}}