{"id":2416,"date":"2020-08-17T15:34:09","date_gmt":"2020-08-17T15:34:09","guid":{"rendered":"https:\/\/oxylow.com\/?page_id=2416"},"modified":"2023-01-26T12:26:19","modified_gmt":"2023-01-26T12:26:19","slug":"productos-finales","status":"publish","type":"page","link":"https:\/\/oxylow.com\/es\/productos-finales\/","title":{"rendered":"Productos finales"},"content":{"rendered":"<div class=\"wpb-content-wrapper\"><p>[vc_row row_height_percent=\u00bb0&#8243; override_padding=\u00bbyes\u00bb h_padding=\u00bb2&#8243; top_padding=\u00bb3&#8243; bottom_padding=\u00bb3&#8243; overlay_alpha=\u00bb50&#8243; gutter_size=\u00bb3&#8243; column_width_percent=\u00bb100&#8243; shift_y=\u00bb0&#8243; z_index=\u00bb0&#8243; medium_visibility=\u00bbyes\u00bb mobile_visibility=\u00bbyes\u00bb][vc_column width=\u00bb1\/6&#8243;][\/vc_column][vc_column width=\u00bb2\/3&#8243;][vc_column_text uncode_shortcode_id=\u00bb130793&#8243;]<span style=\"color: #009f98; line-height: 25px; font-size: 40px; font-family: 'nexa_boldregular';\">Productos finales<\/span>[\/vc_column_text][vc_column_text uncode_shortcode_id=\u00bb564954&#8243;]<span style=\"font-weight: bold;\">Las soluciones de envasado de Oxy-Low para productos finales est\u00e1n especialmente dise\u00f1adas para preservar la calidad, proteger el producto frente a la infestaci\u00f3n de insectos y reducir las manchas.<\/span>[\/vc_column_text][vc_empty_space empty_h=\u00bb1&#8243;][vc_column_text uncode_shortcode_id=\u00bb368244&#8243;]<\/p>\n<h2>Beneficios<\/h2>\n<p>[\/vc_column_text][vc_empty_space empty_h=\u00bb1&#8243;][vc_row_inner row_inner_height_percent=\u00bb0&#8243; overlay_alpha=\u00bb50&#8243; equal_height=\u00bbyes\u00bb gutter_size=\u00bb2&#8243; shift_y=\u00bb0&#8243; z_index=\u00bb0&#8243; css=\u00bb.vc_custom_1596717174257{margin-top: 10px !important;margin-bottom: 10px !important;padding-top: 0px !important;padding-bottom: 0px !important;}\u00bb][vc_column_inner column_width_percent=\u00bb100&#8243; position_horizontal=\u00bbright\u00bb align_horizontal=\u00bbalign_right\u00bb gutter_size=\u00bb3&#8243; override_padding=\u00bbyes\u00bb column_padding=\u00bb1&#8243; overlay_alpha=\u00bb50&#8243; shift_x=\u00bb0&#8243; shift_y=\u00bb0&#8243; shift_y_down=\u00bb0&#8243; z_index=\u00bb0&#8243; medium_width=\u00bb0&#8243; mobile_width=\u00bb0&#8243; width=\u00bb2\/12&#8243;][vc_single_image media=\u00bb441&#8243; media_width_percent=\u00bb75&#8243; alignment=\u00bbright\u00bb][\/vc_column_inner][vc_column_inner column_width_percent=\u00bb100&#8243; position_vertical=\u00bbmiddle\u00bb gutter_size=\u00bb3&#8243; override_padding=\u00bbyes\u00bb column_padding=\u00bb1&#8243; overlay_alpha=\u00bb50&#8243; shift_x=\u00bb0&#8243; shift_y=\u00bb0&#8243; shift_y_down=\u00bb0&#8243; z_index=\u00bb0&#8243; medium_width=\u00bb0&#8243; mobile_width=\u00bb0&#8243; width=\u00bb10\/12&#8243;][vc_column_text uncode_shortcode_id=\u00bb362251&#8243;]<\/p>\n<p style=\"line-height: 1.25 !important;\"><strong>Sistemas de envasado a bajos niveles de ox\u00edgeno<\/strong><\/p>\n<p>La l\u00ednea de envasado de Oxy-Low est\u00e1 dise\u00f1ada para envasar productos finales en condiciones de atm\u00f3sfera modificada. El innovador equipo de envasado y los recubrimientos complementarios de la barrera de ox\u00edgeno modifican la atm\u00f3sfera interna del envasado. Protege los productos finales contra un deterioro de la calidad y la infestaci\u00f3n de insectos. Nuestra l\u00ednea de envasado est\u00e1 dise\u00f1ada para cumplir con los requisitos espec\u00edficos de diferentes productos.[\/vc_column_text][\/vc_column_inner][\/vc_row_inner][vc_empty_space empty_h=\u00bb1&#8243;][vc_row_inner row_inner_height_percent=\u00bb0&#8243; overlay_alpha=\u00bb50&#8243; equal_height=\u00bbyes\u00bb gutter_size=\u00bb2&#8243; shift_y=\u00bb0&#8243; z_index=\u00bb0&#8243; css=\u00bb.vc_custom_1596717174257{margin-top: 10px !important;margin-bottom: 10px !important;padding-top: 0px !important;padding-bottom: 0px !important;}\u00bb][vc_column_inner column_width_percent=\u00bb100&#8243; position_horizontal=\u00bbright\u00bb align_horizontal=\u00bbalign_right\u00bb gutter_size=\u00bb3&#8243; override_padding=\u00bbyes\u00bb column_padding=\u00bb1&#8243; overlay_alpha=\u00bb50&#8243; shift_x=\u00bb0&#8243; shift_y=\u00bb0&#8243; shift_y_down=\u00bb0&#8243; z_index=\u00bb0&#8243; medium_width=\u00bb0&#8243; mobile_width=\u00bb0&#8243; width=\u00bb2\/12&#8243;][vc_single_image media=\u00bb450&#8243; media_width_percent=\u00bb75&#8243; alignment=\u00bbright\u00bb][\/vc_column_inner][vc_column_inner column_width_percent=\u00bb100&#8243; position_vertical=\u00bbmiddle\u00bb gutter_size=\u00bb3&#8243; override_padding=\u00bbyes\u00bb column_padding=\u00bb1&#8243; overlay_alpha=\u00bb50&#8243; shift_x=\u00bb0&#8243; shift_y=\u00bb0&#8243; shift_y_down=\u00bb0&#8243; z_index=\u00bb0&#8243; medium_width=\u00bb0&#8243; mobile_width=\u00bb0&#8243; width=\u00bb10\/12&#8243;][vc_column_text uncode_shortcode_id=\u00bb209360&#8243;]<\/p>\n<p style=\"line-height: 1.25 !important;\"><strong>\u00a1Manten los productos finales frescos!<\/strong><\/p>\n<p>Es todo un reto proteger los productos frente al deterioro de calidad causada por agentes externos. Nuestras soluciones de envasado a bajos niveles de ox\u00edgeno protegen la calidad de los productos durante su transporte y almacenamiento. El envoltorio SMART ayuda a reducir los efectos negativos del ox\u00edgeno, conserva la frescura, sabor y olor del producto, minimiza la p\u00e9rdida de peso y humedad, minimiza la p\u00e9rdida de masa, contribuye a un tiempo de conservaci\u00f3n prolongado y reduce las manchas.[\/vc_column_text][\/vc_column_inner][\/vc_row_inner][vc_empty_space empty_h=\u00bb1&#8243;][vc_row_inner row_inner_height_percent=\u00bb0&#8243; overlay_alpha=\u00bb50&#8243; equal_height=\u00bbyes\u00bb gutter_size=\u00bb2&#8243; shift_y=\u00bb0&#8243; z_index=\u00bb0&#8243; css=\u00bb.vc_custom_1596717174257{margin-top: 10px !important;margin-bottom: 10px !important;padding-top: 0px !important;padding-bottom: 0px !important;}\u00bb][vc_column_inner column_width_percent=\u00bb100&#8243; position_horizontal=\u00bbright\u00bb align_horizontal=\u00bbalign_right\u00bb gutter_size=\u00bb3&#8243; override_padding=\u00bbyes\u00bb column_padding=\u00bb1&#8243; overlay_alpha=\u00bb50&#8243; shift_x=\u00bb0&#8243; shift_y=\u00bb0&#8243; shift_y_down=\u00bb0&#8243; z_index=\u00bb0&#8243; medium_width=\u00bb0&#8243; mobile_width=\u00bb0&#8243; width=\u00bb2\/12&#8243;][vc_single_image media=\u00bb446&#8243; media_width_percent=\u00bb75&#8243; alignment=\u00bbright\u00bb][\/vc_column_inner][vc_column_inner column_width_percent=\u00bb100&#8243; position_vertical=\u00bbmiddle\u00bb gutter_size=\u00bb3&#8243; override_padding=\u00bbyes\u00bb column_padding=\u00bb1&#8243; overlay_alpha=\u00bb50&#8243; shift_x=\u00bb0&#8243; shift_y=\u00bb0&#8243; shift_y_down=\u00bb0&#8243; z_index=\u00bb0&#8243; medium_width=\u00bb0&#8243; mobile_width=\u00bb0&#8243; width=\u00bb10\/12&#8243;][vc_column_text uncode_shortcode_id=\u00bb114515&#8243;]<\/p>\n<p style=\"line-height: 1.25 !important;\"><strong>Sin insectos = \u00a1sin fumigaciones y sin congelar!<\/strong><\/p>\n<p>Todos los envoltorios SMART ayudan a proteger los productos envasados de los insectos durante su almacenamiento y transporte. Es la alternativa a las fumigaciones tradicionales (t\u00f3xicas), el almacenamiento en fr\u00edo y los tratamientos de congelaci\u00f3n. Las condiciones de bajo nivel de ox\u00edgeno dentro del envasado ayudan a la eliminaci\u00f3n de los insectos mientras que el sellado herm\u00e9tico protege las muestras de la infestaci\u00f3n de insectos y elimina el riesgo de oxidaci\u00f3n y crecimiento de moho.[\/vc_column_text][\/vc_column_inner][\/vc_row_inner][vc_button button_color=\u00bbaccent\u00bb radius=\u00bbbtn-circle\u00bb hover_fx=\u00bboutlined\u00bb border_width=\u00bb0&#8243; link=\u00bburl:https%3A%2F%2Foxylow.com%2Fes%2Fcontacto%2F|title:Contact\u00bb button_color_type=\u00bbuncode-palette\u00bb uncode_shortcode_id=\u00bb191384&#8243;]Cont\u00e1ctanos[\/vc_button][\/vc_column][vc_column width=\u00bb1\/6&#8243;][\/vc_column][\/vc_row][vc_row row_height_percent=\u00bb0&#8243; override_padding=\u00bbyes\u00bb h_padding=\u00bb2&#8243; top_padding=\u00bb3&#8243; bottom_padding=\u00bb3&#8243; overlay_alpha=\u00bb50&#8243; gutter_size=\u00bb3&#8243; column_width_percent=\u00bb100&#8243; shift_y=\u00bb0&#8243; z_index=\u00bb0&#8243; desktop_visibility=\u00bbyes\u00bb][vc_column width=\u00bb1\/1&#8243;][vc_column_text uncode_shortcode_id=\u00bb214123&#8243;]<span style=\"color: #009f98; line-height: 25px; font-size: 40px; font-family: 'nexa_boldregular';\">Productos finales<\/span>[\/vc_column_text][vc_column_text uncode_shortcode_id=\u00bb180997&#8243;]<span style=\"font-weight: bold;\">Las soluciones de envasado de Oxy-Low para productos finales est\u00e1n especialmente dise\u00f1adas para preservar la calidad, proteger el producto frente a la infestaci\u00f3n de insectos y reducir las manchas.<\/span>[\/vc_column_text][vc_empty_space empty_h=\u00bb1&#8243;][vc_column_text uncode_shortcode_id=\u00bb443349&#8243;]<\/p>\n<h2>Beneficios<\/h2>\n<p>[\/vc_column_text][vc_empty_space empty_h=\u00bb1&#8243;][vc_row_inner row_inner_height_percent=\u00bb0&#8243; overlay_alpha=\u00bb50&#8243; equal_height=\u00bbyes\u00bb gutter_size=\u00bb2&#8243; shift_y=\u00bb0&#8243; z_index=\u00bb0&#8243; css=\u00bb.vc_custom_1596717174257{margin-top: 10px !important;margin-bottom: 10px !important;padding-top: 0px !important;padding-bottom: 0px !important;}\u00bb][vc_column_inner column_width_percent=\u00bb100&#8243; position_horizontal=\u00bbleft\u00bb gutter_size=\u00bb3&#8243; override_padding=\u00bbyes\u00bb column_padding=\u00bb1&#8243; overlay_alpha=\u00bb50&#8243; shift_x=\u00bb0&#8243; shift_y=\u00bb0&#8243; shift_y_down=\u00bb0&#8243; z_index=\u00bb0&#8243; medium_width=\u00bb0&#8243; mobile_width=\u00bb0&#8243; width=\u00bb1\/1&#8243;][vc_single_image media=\u00bb441&#8243; media_width_use_pixel=\u00bbyes\u00bb media_width_pixel=\u00bb75&#8243;][vc_column_text uncode_shortcode_id=\u00bb174094&#8243;]<span style=\"font-weight: bold; vertical-align: middle;\">Sistemas de envasado a bajos niveles de ox\u00edgeno<\/span><br \/>\nLa l\u00ednea de envasado de Oxy-Low est\u00e1 dise\u00f1ada para envasar productos finales en condiciones de atm\u00f3sfera modificada. El innovador equipo de envasado y los recubrimientos complementarios de la barrera de ox\u00edgeno modifican la atm\u00f3sfera interna del envasado. Protege los productos finales contra un deterioro de la calidad y la infestaci\u00f3n de insectos. Nuestra l\u00ednea de envasado est\u00e1 dise\u00f1ada para cumplir con los requisitos espec\u00edficos de diferentes productos.[\/vc_column_text][vc_column_text]<\/p>\n<hr \/>\n<p>[\/vc_column_text][vc_single_image media=\u00bb450&#8243; media_width_use_pixel=\u00bbyes\u00bb media_width_pixel=\u00bb75&#8243;][vc_column_text uncode_shortcode_id=\u00bb539807&#8243;]<span style=\"font-weight: bold; vertical-align: middle;\">\u00a1Manten los productos finales frescos!<\/span><br \/>\nEs todo un reto proteger los productos frente al deterioro de calidad causada por agentes externos. Nuestras soluciones de envasado a bajos niveles de ox\u00edgeno protegen la calidad de los productos durante su transporte y almacenamiento. El envoltorio SMART ayuda a reducir los efectos negativos del ox\u00edgeno, conserva la frescura, sabor y olor del producto, minimiza la p\u00e9rdida de peso y humedad, minimiza la p\u00e9rdida de masa, contribuye a un tiempo de conservaci\u00f3n prolongado y reduce las manchas.[\/vc_column_text][vc_column_text]<\/p>\n<hr \/>\n<p>[\/vc_column_text][vc_single_image media=\u00bb446&#8243; media_width_use_pixel=\u00bbyes\u00bb media_width_pixel=\u00bb75&#8243;][vc_column_text uncode_shortcode_id=\u00bb179624&#8243;]<span style=\"font-weight: bold; vertical-align: middle;\">Sin insectos = \u00a1sin fumigaciones y sin congelar!<\/span><br \/>\nTodos los envoltorios SMART ayudan a proteger los productos envasados de los insectos durante su almacenamiento y transporte. Es la alternativa a las fumigaciones tradicionales (t\u00f3xicas), el almacenamiento en fr\u00edo y los tratamientos de congelaci\u00f3n. Las condiciones de bajo nivel de ox\u00edgeno dentro del envasado ayudan a la eliminaci\u00f3n de los insectos mientras que el sellado herm\u00e9tico protege las muestras de la infestaci\u00f3n de insectos y elimina el riesgo de oxidaci\u00f3n y crecimiento de moho.[\/vc_column_text][\/vc_column_inner][\/vc_row_inner][vc_button button_color=\u00bbaccent\u00bb radius=\u00bbbtn-circle\u00bb hover_fx=\u00bboutlined\u00bb border_width=\u00bb0&#8243; link=\u00bburl:https%3A%2F%2Foxylow.com%2Fes%2Fcontacto%2F|title:Contact\u00bb button_color_type=\u00bbuncode-palette\u00bb uncode_shortcode_id=\u00bb188355&#8243;]Cont\u00e1ctanos[\/vc_button][\/vc_column][\/vc_row][vc_row][vc_column width=\u00bb1\/1&#8243;][uncode_block id=\u00bb2412&#8243;][\/vc_column][\/vc_row]<\/p>\n<\/div>","protected":false},"excerpt":{"rendered":"<p>[vc_row row_height_percent=\u00bb0&#8243; override_padding=\u00bbyes\u00bb h_padding=\u00bb2&#8243; top_padding=\u00bb3&#8243; bottom_padding=\u00bb3&#8243; overlay_alpha=\u00bb50&#8243; gutter_size=\u00bb3&#8243; column_width_percent=\u00bb100&#8243; shift_y=\u00bb0&#8243; z_index=\u00bb0&#8243; medium_visibility=\u00bbyes\u00bb mobile_visibility=\u00bbyes\u00bb][vc_column width=\u00bb1\/6&#8243;][\/vc_column][vc_column width=\u00bb2\/3&#8243;][vc_column_text uncode_shortcode_id=\u00bb130793&#8243;]Productos finales[\/vc_column_text][vc_column_text uncode_shortcode_id=\u00bb564954&#8243;]Las soluciones de [&hellip;]<\/p>\n","protected":false},"author":1,"featured_media":411,"parent":0,"menu_order":0,"comment_status":"closed","ping_status":"closed","template":"","meta":{"content-type":"","footnotes":""},"class_list":["post-2416","page","type-page","status-publish","has-post-thumbnail","hentry"],"yoast_head":"<!-- This site is optimized with the Yoast SEO plugin v27.0 - https:\/\/yoast.com\/product\/yoast-seo-wordpress\/ -->\n<title>Productos finales - Oxylow<\/title>\n<meta name=\"description\" content=\"Las soluciones de envasado de Oxy-Low para productos finales est\u00e1n especialmente dise\u00f1adas para preservar la calidad, proteger el producto frente a la infestaci\u00f3n de insectos y reducir las manchas.\" \/>\n<meta name=\"robots\" content=\"index, follow, max-snippet:-1, max-image-preview:large, max-video-preview:-1\" \/>\n<link rel=\"canonical\" href=\"https:\/\/oxylow.com\/es\/productos-finales\/\" \/>\n<meta property=\"og:locale\" content=\"es_ES\" \/>\n<meta property=\"og:type\" content=\"article\" \/>\n<meta property=\"og:title\" content=\"Productos finales - Oxylow\" \/>\n<meta property=\"og:description\" content=\"Las soluciones de envasado de Oxy-Low para productos finales est\u00e1n especialmente dise\u00f1adas para preservar la calidad, proteger el producto frente a la infestaci\u00f3n de insectos y reducir las manchas.\" \/>\n<meta property=\"og:url\" content=\"https:\/\/oxylow.com\/es\/productos-finales\/\" \/>\n<meta property=\"og:site_name\" content=\"Oxylow\" \/>\n<meta property=\"article:modified_time\" content=\"2023-01-26T12:26:19+00:00\" \/>\n<meta property=\"og:image\" content=\"https:\/\/oxylow.com\/wp-content\/uploads\/2020\/08\/Oxylow-tobacco-finished-product.jpg\" \/>\n\t<meta property=\"og:image:width\" content=\"500\" \/>\n\t<meta property=\"og:image:height\" content=\"500\" \/>\n\t<meta property=\"og:image:type\" content=\"image\/jpeg\" \/>\n<meta name=\"twitter:card\" content=\"summary_large_image\" \/>\n<meta name=\"twitter:label1\" content=\"Tiempo de lectura\" \/>\n\t<meta name=\"twitter:data1\" content=\"4 minutos\" \/>\n<script type=\"application\/ld+json\" class=\"yoast-schema-graph\">{\"@context\":\"https:\/\/schema.org\",\"@graph\":[{\"@type\":\"WebPage\",\"@id\":\"https:\/\/oxylow.com\/es\/productos-finales\/\",\"url\":\"https:\/\/oxylow.com\/es\/productos-finales\/\",\"name\":\"Productos finales - Oxylow\",\"isPartOf\":{\"@id\":\"https:\/\/oxylow.com\/es\/#website\"},\"primaryImageOfPage\":{\"@id\":\"https:\/\/oxylow.com\/es\/productos-finales\/#primaryimage\"},\"image\":{\"@id\":\"https:\/\/oxylow.com\/es\/productos-finales\/#primaryimage\"},\"thumbnailUrl\":\"https:\/\/oxylow.com\/wp-content\/uploads\/2020\/08\/Oxylow-tobacco-finished-product.jpg\",\"datePublished\":\"2020-08-17T15:34:09+00:00\",\"dateModified\":\"2023-01-26T12:26:19+00:00\",\"description\":\"Las soluciones de envasado de Oxy-Low para productos finales est\u00e1n especialmente dise\u00f1adas para preservar la calidad, proteger el producto frente a la infestaci\u00f3n de insectos y reducir las manchas.\",\"breadcrumb\":{\"@id\":\"https:\/\/oxylow.com\/es\/productos-finales\/#breadcrumb\"},\"inLanguage\":\"es\",\"potentialAction\":[{\"@type\":\"ReadAction\",\"target\":[\"https:\/\/oxylow.com\/es\/productos-finales\/\"]}]},{\"@type\":\"ImageObject\",\"inLanguage\":\"es\",\"@id\":\"https:\/\/oxylow.com\/es\/productos-finales\/#primaryimage\",\"url\":\"https:\/\/oxylow.com\/wp-content\/uploads\/2020\/08\/Oxylow-tobacco-finished-product.jpg\",\"contentUrl\":\"https:\/\/oxylow.com\/wp-content\/uploads\/2020\/08\/Oxylow-tobacco-finished-product.jpg\",\"width\":500,\"height\":500},{\"@type\":\"BreadcrumbList\",\"@id\":\"https:\/\/oxylow.com\/es\/productos-finales\/#breadcrumb\",\"itemListElement\":[{\"@type\":\"ListItem\",\"position\":1,\"name\":\"Home\",\"item\":\"https:\/\/oxylow.com\/es\/\"},{\"@type\":\"ListItem\",\"position\":2,\"name\":\"Productos finales\"}]},{\"@type\":\"WebSite\",\"@id\":\"https:\/\/oxylow.com\/es\/#website\",\"url\":\"https:\/\/oxylow.com\/es\/\",\"name\":\"Oxylow\",\"description\":\"Commodity protection\",\"potentialAction\":[{\"@type\":\"SearchAction\",\"target\":{\"@type\":\"EntryPoint\",\"urlTemplate\":\"https:\/\/oxylow.com\/es\/?s={search_term_string}\"},\"query-input\":{\"@type\":\"PropertyValueSpecification\",\"valueRequired\":true,\"valueName\":\"search_term_string\"}}],\"inLanguage\":\"es\"}]}<\/script>\n<!-- \/ Yoast SEO plugin. -->","yoast_head_json":{"title":"Productos finales - Oxylow","description":"Las soluciones de envasado de Oxy-Low para productos finales est\u00e1n especialmente dise\u00f1adas para preservar la calidad, proteger el producto frente a la infestaci\u00f3n de insectos y reducir las manchas.","robots":{"index":"index","follow":"follow","max-snippet":"max-snippet:-1","max-image-preview":"max-image-preview:large","max-video-preview":"max-video-preview:-1"},"canonical":"https:\/\/oxylow.com\/es\/productos-finales\/","og_locale":"es_ES","og_type":"article","og_title":"Productos finales - Oxylow","og_description":"Las soluciones de envasado de Oxy-Low para productos finales est\u00e1n especialmente dise\u00f1adas para preservar la calidad, proteger el producto frente a la infestaci\u00f3n de insectos y reducir las manchas.","og_url":"https:\/\/oxylow.com\/es\/productos-finales\/","og_site_name":"Oxylow","article_modified_time":"2023-01-26T12:26:19+00:00","og_image":[{"width":500,"height":500,"url":"https:\/\/oxylow.com\/wp-content\/uploads\/2020\/08\/Oxylow-tobacco-finished-product.jpg","type":"image\/jpeg"}],"twitter_card":"summary_large_image","twitter_misc":{"Tiempo de lectura":"4 minutos"},"schema":{"@context":"https:\/\/schema.org","@graph":[{"@type":"WebPage","@id":"https:\/\/oxylow.com\/es\/productos-finales\/","url":"https:\/\/oxylow.com\/es\/productos-finales\/","name":"Productos finales - Oxylow","isPartOf":{"@id":"https:\/\/oxylow.com\/es\/#website"},"primaryImageOfPage":{"@id":"https:\/\/oxylow.com\/es\/productos-finales\/#primaryimage"},"image":{"@id":"https:\/\/oxylow.com\/es\/productos-finales\/#primaryimage"},"thumbnailUrl":"https:\/\/oxylow.com\/wp-content\/uploads\/2020\/08\/Oxylow-tobacco-finished-product.jpg","datePublished":"2020-08-17T15:34:09+00:00","dateModified":"2023-01-26T12:26:19+00:00","description":"Las soluciones de envasado de Oxy-Low para productos finales est\u00e1n especialmente dise\u00f1adas para preservar la calidad, proteger el producto frente a la infestaci\u00f3n de insectos y reducir las manchas.","breadcrumb":{"@id":"https:\/\/oxylow.com\/es\/productos-finales\/#breadcrumb"},"inLanguage":"es","potentialAction":[{"@type":"ReadAction","target":["https:\/\/oxylow.com\/es\/productos-finales\/"]}]},{"@type":"ImageObject","inLanguage":"es","@id":"https:\/\/oxylow.com\/es\/productos-finales\/#primaryimage","url":"https:\/\/oxylow.com\/wp-content\/uploads\/2020\/08\/Oxylow-tobacco-finished-product.jpg","contentUrl":"https:\/\/oxylow.com\/wp-content\/uploads\/2020\/08\/Oxylow-tobacco-finished-product.jpg","width":500,"height":500},{"@type":"BreadcrumbList","@id":"https:\/\/oxylow.com\/es\/productos-finales\/#breadcrumb","itemListElement":[{"@type":"ListItem","position":1,"name":"Home","item":"https:\/\/oxylow.com\/es\/"},{"@type":"ListItem","position":2,"name":"Productos finales"}]},{"@type":"WebSite","@id":"https:\/\/oxylow.com\/es\/#website","url":"https:\/\/oxylow.com\/es\/","name":"Oxylow","description":"Commodity protection","potentialAction":[{"@type":"SearchAction","target":{"@type":"EntryPoint","urlTemplate":"https:\/\/oxylow.com\/es\/?s={search_term_string}"},"query-input":{"@type":"PropertyValueSpecification","valueRequired":true,"valueName":"search_term_string"}}],"inLanguage":"es"}]}},"_links":{"self":[{"href":"https:\/\/oxylow.com\/es\/wp-json\/wp\/v2\/pages\/2416","targetHints":{"allow":["GET"]}}],"collection":[{"href":"https:\/\/oxylow.com\/es\/wp-json\/wp\/v2\/pages"}],"about":[{"href":"https:\/\/oxylow.com\/es\/wp-json\/wp\/v2\/types\/page"}],"author":[{"embeddable":true,"href":"https:\/\/oxylow.com\/es\/wp-json\/wp\/v2\/users\/1"}],"replies":[{"embeddable":true,"href":"https:\/\/oxylow.com\/es\/wp-json\/wp\/v2\/comments?post=2416"}],"version-history":[{"count":2,"href":"https:\/\/oxylow.com\/es\/wp-json\/wp\/v2\/pages\/2416\/revisions"}],"predecessor-version":[{"id":2418,"href":"https:\/\/oxylow.com\/es\/wp-json\/wp\/v2\/pages\/2416\/revisions\/2418"}],"wp:featuredmedia":[{"embeddable":true,"href":"https:\/\/oxylow.com\/es\/wp-json\/wp\/v2\/media\/411"}],"wp:attachment":[{"href":"https:\/\/oxylow.com\/es\/wp-json\/wp\/v2\/media?parent=2416"}],"curies":[{"name":"wp","href":"https:\/\/api.w.org\/{rel}","templated":true}]}}