{"id":2426,"date":"2020-08-24T08:23:05","date_gmt":"2020-08-24T08:23:05","guid":{"rendered":"https:\/\/oxylow.com\/?page_id=2426"},"modified":"2025-08-19T14:07:14","modified_gmt":"2025-08-19T14:07:14","slug":"politica-de-privacidad","status":"publish","type":"page","link":"https:\/\/oxylow.com\/es\/politica-de-privacidad\/","title":{"rendered":"Pol\u00edtica de privacidad"},"content":{"rendered":"<div class=\"wpb-content-wrapper\"><p>[vc_row row_height_percent=\u00bb0&#8243; override_padding=\u00bbyes\u00bb h_padding=\u00bb2&#8243; top_padding=\u00bb3&#8243; bottom_padding=\u00bb3&#8243; overlay_alpha=\u00bb50&#8243; gutter_size=\u00bb3&#8243; column_width_percent=\u00bb100&#8243; shift_y=\u00bb0&#8243; z_index=\u00bb0&#8243;][vc_column column_width_percent=\u00bb100&#8243; gutter_size=\u00bb3&#8243; overlay_alpha=\u00bb50&#8243; shift_x=\u00bb0&#8243; shift_y=\u00bb0&#8243; shift_y_down=\u00bb0&#8243; z_index=\u00bb0&#8243; medium_width=\u00bb0&#8243; mobile_width=\u00bb0&#8243; width=\u00bb2\/3&#8243;][vc_column_text]<\/p>\n<h1>Oxy-Low Systems Europe B.V. \u00a9<\/h1>\n<p>[\/vc_column_text][vc_column_text uncode_shortcode_id=\u00bb933660&#8243;]<strong>Oxy-Low B.V.<\/strong>, en Energieweg\u00a025, Numansdorp, Pa\u00edses Bajos, es responsable del tratamiento de los datos personales que se indican en la presente declaraci\u00f3n de privacidad.<\/p>\n<p>&nbsp;<\/p>\n<p><strong>Contacto:<br \/>\n<\/strong>Oxy-Low B.V.<br \/>\nEnergieweg\u00a025<br \/>\n\u200b3281\u00a0NH\u00a0Numansdorp<br \/>\nPa\u00edses Bajos<br \/>\n+31 (0) 186 763 800<\/p>\n<p>Maarten van Rennes es la Delegada de Protecci\u00f3n de Datos de Oxy-Low y se le puede contactar a trav\u00e9s de info@oxylow.com<\/p>\n<p>&nbsp;<\/p>\n<p><strong>Qu\u00e9 datos personales procesamos<br \/>\n<\/strong>Oxy-Low procesa tus datos personales porque haces uso de nuestros servicios y\/o porque los proporcionas t\u00fa mismo.<\/p>\n<p>A continuaci\u00f3n encontrar\u00e1s un resumen de los datos personales que procesamos:<br \/>\n\u2212 Nombre<br \/>\n\u2212 N\u00famero de tel\u00e9fono<br \/>\n\u2212 Direcci\u00f3n de e-mail<br \/>\n\u2212 Direcci\u00f3n IP<br \/>\n\u2212 Ubicaci\u00f3n<br \/>\n\u2212 Informaci\u00f3n sobre tus actividades en nuestra p\u00e1gina web<br \/>\n\u2212 Navegador de internet y tipo de dispositivo<\/p>\n<p>&nbsp;<\/p>\n<p><strong>Qu\u00e9 datos personales especiales y\/o sensibles procesamos<br \/>\n<\/strong>Nuestra p\u00e1gina web y\/o servicio no pretenden recolectar datos sobre los visitantes que son menores de 16 a\u00f1os. A no ser que tengan permiso por parte de sus padres o sus tutores. Sin embargo, no podemos comprobar si un visitante es mayor de 16 a\u00f1os. Animamos a los padres a involucrarse en las actividades online de sus hijos para evitar que se recopilen datos de estos sin el consentimiento parental. Si sospechas que hemos recopilado informaci\u00f3n personal sobre un menor sin dicho consentimiento, cont\u00e1ctanos a trav\u00e9s de info@oxylow.com y procederemos a eliminar esta informaci\u00f3n.<\/p>\n<p>&nbsp;<\/p>\n<p><strong>Con qu\u00e9 finalidad y con qu\u00e9 frecuencia procesamos datos personales<br \/>\n<\/strong>Oxy-Low procesa datos personales con la siguiente finalidad:<br \/>\n\u2013 Enviar nuestro bolet\u00edn informativo y\/o folleto publicitario<br \/>\n\u2013 Para que podamos ponernos en contacto contigo por tel\u00e9fono o e-mail si es necesario para llevar a cabo nuestros servicios<\/p>\n<p>&nbsp;<\/p>\n<p><strong>Toma de decisiones automatizada<br \/>\n<\/strong>Oxy-Low no toma decisiones basadas en procesos automatizados en asuntos que pueden tener consecuencias (importantes) para las personas. Estas decisiones son tomadas por programas inform\u00e1ticos o sistemas sin involucrar a personas (por ejemplo, a un empleado de Oxy-Low).<\/p>\n<p>&nbsp;<\/p>\n<p><strong>Cu\u00e1nto tiempo almacenamos datos personales<br \/>\n<\/strong>Oxy-Low no almacena tus datos personales m\u00e1s tiempo del estrictamente necesario para alcanzar los objetivos para lo que estos datos son recopilados. Utilizamos los siguientes periodos de retenci\u00f3n para las siguientes (categor\u00edas) de datos personales:<\/p>\n<p>Categor\u00eda) datos personales &gt; periodo de retenci\u00f3n &gt; raz\u00f3n<br \/>\nnombre &gt; mientras seas un (potencial) cliente &gt; para dirigirnos a ti por tu nombre cuando te contactemos.<br \/>\nN\u00famero de tel\u00e9fono &gt; mientras seas un (potencial) cliente &gt; para contactarte<br \/>\ndirecci\u00f3n de e-mail &gt; mientras seas un (potencial) cliente &gt; para contactarte<br \/>\ndirecci\u00f3n IP &gt; mientras seas un (potencial) cliente &gt; se guarda autom\u00e1ticamente mediante el formulario online<br \/>\ndatos de ubicaci\u00f3n &gt; mientras Google Analytics los almacene &gt; mediante Google Analytics para mejorar la p\u00e1gina web<br \/>\ninformaci\u00f3n sobre tus actividades en nuestra p\u00e1gina web &gt; mientras Google Analytics la almacene &gt; mediante Google Analytics para mejorar la p\u00e1gina web<br \/>\nNavegador de internet y tipo de dispositivo &gt; mientras Google Analytics los almacene &gt; mediante Google Analytics para mejorar la p\u00e1gina web<\/p>\n<p>&nbsp;<\/p>\n<p><strong>Compartir datos personales con terceros<br \/>\n<\/strong>Oxy-Low no vender\u00e1 tu informaci\u00f3n a terceros y solo ofrecer\u00e1 esta informaci\u00f3n si es necesario para el desempe\u00f1o de nuestro acuerdo contigo o para cumplir con una obligaci\u00f3n legal. Cuando empresas procesan tus datos por encargo nuestro, contamos con un acuerdo de procesamiento de datos para garantizar el mismo nivel de seguridad y confidencialidad de tus datos. Oxy-Low es responsable de estas operaciones de procesamiento.<\/p>\n<p>&nbsp;<\/p>\n<p><strong>Cookies o t\u00e9cnicas similares que utilizamos<\/strong><br \/>\nOxy-Low utiliza solo cookies t\u00e9cnicas y funcionales. Tambi\u00e9n utiliza cookies anal\u00edticas que no infringen tu privacidad. Las cookies son peque\u00f1os ficheros de texto que se almacenan en tu ordenador, tablet o tel\u00e9fono m\u00f3vil cuando visitas por primera vez esta p\u00e1gina web. Las cookies que utilizamos son necesarias para el funcionamiento t\u00e9cnico de la p\u00e1gina web y para facilitar su uso. Garantizan que la p\u00e1gina web funcione correctamente y recuerdan, por ejemplo, tus preferencias. Tambi\u00e9n podemos mejorar nuestra p\u00e1gina web con ellas. Puedes desvincular las cookies configurando tu buscador para que deje de almacenar cookies. Adem\u00e1s, tambi\u00e9n puedes eliminar toda la informaci\u00f3n guardada previamente a trav\u00e9s de la configuraci\u00f3n de tu navegador.<\/p>\n<p>&nbsp;<\/p>\n<p><strong>Visualizar, modificar o eliminar datos<br \/>\n<\/strong>Tienes derecho a visualizar, corregir o eliminar tus datos personales. Adem\u00e1s, tienes derecho a retirar tu consentimiento del procesamiento de datos u oponerte al procesamiento de tus datos personales por Oxy-Low y tienes derecho a la portabilidad de los datos. Esto quiere decir que puedes mandarnos una solicitud para que te hagamos llegar los datos personales que tengamos en tu ficha digital, a ti o a la organizaci\u00f3n que solicites.<\/p>\n<p>Puedes solicitar a info@oxylow.com el acceso, la correcci\u00f3n, eliminaci\u00f3n y transferencia de tus datos personales o solicitar la cancelaci\u00f3n de tu consentimiento u objeci\u00f3n al procesamiento de tus datos personales.<\/p>\n<p>Para asegurar que has sido t\u00fa quien ha solicitado el acceso, te pediremos que env\u00edes una copia de tu documento de identidad junto con la solicitud. Tu foto de pasaporte, ZLM (zona de lectura mec\u00e1nica, la banda con n\u00fameros en la parte baja del pasaporte), tu n\u00famero de pasaporte y n\u00famero de identificaci\u00f3n personal holand\u00e9s (BSN) deben aparecer en negro en esta copia. Esto es para proteger tu privacidad. Respondemos lo m\u00e1s r\u00e1pido posible dentro de un periodo de cuatro semanas desde tu solicitud.<\/p>\n<p>Oxy-Low tambi\u00e9n ofrece la posibilidad de presentar una queja a la autoridad supervisora nacional, la Autoridad Holandesa de Protecci\u00f3n de Datos. Puedes hacerlo a trav\u00e9s del siguiente enlace: https:\/\/autoriteitpersoonsgegevens.nl\/nl\/contact-met-de-autoriteit-persoonsgegevens\/tip-ons<\/p>\n<p>C\u00f3mo protegemos los datos personales<br \/>\nOxy-Low se toma en serio la protecci\u00f3n de tus datos y toma medidas adecuadas para prevenir el uso incorrecto, la p\u00e9rdida, el acceso no autorizado, la divulgaci\u00f3n no solicitada y la modificaci\u00f3n no autorizada de \u00e9stos. Si sientes que tus datos no est\u00e1n siendo protegidos correctamente o existen indicios de abuso, por favor contacta con nuestro servicio de atenci\u00f3n al cliente o a trav\u00e9s de info@oxylow.com[\/vc_column_text][\/vc_column][vc_column width=\u00bb1\/3&#8243;][\/vc_column][\/vc_row][vc_row unlock_row_content=\u00bbyes\u00bb row_height_percent=\u00bb0&#8243; override_padding=\u00bbyes\u00bb h_padding=\u00bb0&#8243; top_padding=\u00bb0&#8243; bottom_padding=\u00bb0&#8243; overlay_alpha=\u00bb50&#8243; gutter_size=\u00bb3&#8243; column_width_percent=\u00bb100&#8243; shift_y=\u00bb0&#8243; z_index=\u00bb0&#8243;][vc_column width=\u00bb1\/1&#8243;][vc_column_text]<\/p>\n<hr \/>\n<p>[\/vc_column_text][\/vc_column][\/vc_row]<\/p>\n<\/div>","protected":false},"excerpt":{"rendered":"<p>[vc_row row_height_percent=\u00bb0&#8243; override_padding=\u00bbyes\u00bb h_padding=\u00bb2&#8243; top_padding=\u00bb3&#8243; bottom_padding=\u00bb3&#8243; overlay_alpha=\u00bb50&#8243; gutter_size=\u00bb3&#8243; column_width_percent=\u00bb100&#8243; shift_y=\u00bb0&#8243; z_index=\u00bb0&#8243;][vc_column column_width_percent=\u00bb100&#8243; gutter_size=\u00bb3&#8243; overlay_alpha=\u00bb50&#8243; shift_x=\u00bb0&#8243; shift_y=\u00bb0&#8243; shift_y_down=\u00bb0&#8243; z_index=\u00bb0&#8243; medium_width=\u00bb0&#8243; mobile_width=\u00bb0&#8243; [&hellip;]<\/p>\n","protected":false},"author":1,"featured_media":0,"parent":0,"menu_order":0,"comment_status":"closed","ping_status":"closed","template":"","meta":{"content-type":"","footnotes":""},"class_list":["post-2426","page","type-page","status-publish","hentry"],"yoast_head":"<!-- This site is optimized with the Yoast SEO plugin v27.3 - https:\/\/yoast.com\/product\/yoast-seo-wordpress\/ -->\n<title>Pol\u00edtica de privacidad - Oxylow<\/title>\n<meta name=\"robots\" content=\"index, follow, max-snippet:-1, max-image-preview:large, max-video-preview:-1\" \/>\n<link rel=\"canonical\" href=\"https:\/\/oxylow.com\/es\/politica-de-privacidad\/\" \/>\n<meta property=\"og:locale\" content=\"es_ES\" \/>\n<meta property=\"og:type\" content=\"article\" \/>\n<meta property=\"og:title\" content=\"Pol\u00edtica de privacidad - Oxylow\" \/>\n<meta property=\"og:description\" content=\"[vc_row row_height_percent=\u00bb0&#8243; override_padding=\u00bbyes\u00bb h_padding=\u00bb2&#8243; top_padding=\u00bb3&#8243; bottom_padding=\u00bb3&#8243; overlay_alpha=\u00bb50&#8243; gutter_size=\u00bb3&#8243; column_width_percent=\u00bb100&#8243; shift_y=\u00bb0&#8243; z_index=\u00bb0&#8243;][vc_column column_width_percent=\u00bb100&#8243; gutter_size=\u00bb3&#8243; overlay_alpha=\u00bb50&#8243; shift_x=\u00bb0&#8243; shift_y=\u00bb0&#8243; shift_y_down=\u00bb0&#8243; z_index=\u00bb0&#8243; medium_width=\u00bb0&#8243; mobile_width=\u00bb0&#8243; [&hellip;]\" \/>\n<meta property=\"og:url\" content=\"https:\/\/oxylow.com\/es\/politica-de-privacidad\/\" \/>\n<meta property=\"og:site_name\" content=\"Oxylow\" \/>\n<meta property=\"article:modified_time\" content=\"2025-08-19T14:07:14+00:00\" \/>\n<meta name=\"twitter:card\" content=\"summary_large_image\" \/>\n<meta name=\"twitter:label1\" content=\"Tiempo de lectura\" \/>\n\t<meta name=\"twitter:data1\" content=\"5 minutos\" \/>\n<script type=\"application\/ld+json\" class=\"yoast-schema-graph\">{\"@context\":\"https:\\\/\\\/schema.org\",\"@graph\":[{\"@type\":\"WebPage\",\"@id\":\"https:\\\/\\\/oxylow.com\\\/es\\\/politica-de-privacidad\\\/\",\"url\":\"https:\\\/\\\/oxylow.com\\\/es\\\/politica-de-privacidad\\\/\",\"name\":\"Pol\u00edtica de privacidad - Oxylow\",\"isPartOf\":{\"@id\":\"https:\\\/\\\/oxylow.com\\\/es\\\/#website\"},\"datePublished\":\"2020-08-24T08:23:05+00:00\",\"dateModified\":\"2025-08-19T14:07:14+00:00\",\"breadcrumb\":{\"@id\":\"https:\\\/\\\/oxylow.com\\\/es\\\/politica-de-privacidad\\\/#breadcrumb\"},\"inLanguage\":\"es\",\"potentialAction\":[{\"@type\":\"ReadAction\",\"target\":[\"https:\\\/\\\/oxylow.com\\\/es\\\/politica-de-privacidad\\\/\"]}]},{\"@type\":\"BreadcrumbList\",\"@id\":\"https:\\\/\\\/oxylow.com\\\/es\\\/politica-de-privacidad\\\/#breadcrumb\",\"itemListElement\":[{\"@type\":\"ListItem\",\"position\":1,\"name\":\"Home\",\"item\":\"https:\\\/\\\/oxylow.com\\\/es\\\/\"},{\"@type\":\"ListItem\",\"position\":2,\"name\":\"Pol\u00edtica de privacidad\"}]},{\"@type\":\"WebSite\",\"@id\":\"https:\\\/\\\/oxylow.com\\\/es\\\/#website\",\"url\":\"https:\\\/\\\/oxylow.com\\\/es\\\/\",\"name\":\"Oxylow\",\"description\":\"Commodity protection\",\"potentialAction\":[{\"@type\":\"SearchAction\",\"target\":{\"@type\":\"EntryPoint\",\"urlTemplate\":\"https:\\\/\\\/oxylow.com\\\/es\\\/?s={search_term_string}\"},\"query-input\":{\"@type\":\"PropertyValueSpecification\",\"valueRequired\":true,\"valueName\":\"search_term_string\"}}],\"inLanguage\":\"es\"}]}<\/script>\n<!-- \/ Yoast SEO plugin. -->","yoast_head_json":{"title":"Pol\u00edtica de privacidad - Oxylow","robots":{"index":"index","follow":"follow","max-snippet":"max-snippet:-1","max-image-preview":"max-image-preview:large","max-video-preview":"max-video-preview:-1"},"canonical":"https:\/\/oxylow.com\/es\/politica-de-privacidad\/","og_locale":"es_ES","og_type":"article","og_title":"Pol\u00edtica de privacidad - Oxylow","og_description":"[vc_row row_height_percent=\u00bb0&#8243; override_padding=\u00bbyes\u00bb h_padding=\u00bb2&#8243; top_padding=\u00bb3&#8243; bottom_padding=\u00bb3&#8243; overlay_alpha=\u00bb50&#8243; gutter_size=\u00bb3&#8243; column_width_percent=\u00bb100&#8243; shift_y=\u00bb0&#8243; z_index=\u00bb0&#8243;][vc_column column_width_percent=\u00bb100&#8243; gutter_size=\u00bb3&#8243; overlay_alpha=\u00bb50&#8243; shift_x=\u00bb0&#8243; shift_y=\u00bb0&#8243; shift_y_down=\u00bb0&#8243; z_index=\u00bb0&#8243; medium_width=\u00bb0&#8243; mobile_width=\u00bb0&#8243; [&hellip;]","og_url":"https:\/\/oxylow.com\/es\/politica-de-privacidad\/","og_site_name":"Oxylow","article_modified_time":"2025-08-19T14:07:14+00:00","twitter_card":"summary_large_image","twitter_misc":{"Tiempo de lectura":"5 minutos"},"schema":{"@context":"https:\/\/schema.org","@graph":[{"@type":"WebPage","@id":"https:\/\/oxylow.com\/es\/politica-de-privacidad\/","url":"https:\/\/oxylow.com\/es\/politica-de-privacidad\/","name":"Pol\u00edtica de privacidad - Oxylow","isPartOf":{"@id":"https:\/\/oxylow.com\/es\/#website"},"datePublished":"2020-08-24T08:23:05+00:00","dateModified":"2025-08-19T14:07:14+00:00","breadcrumb":{"@id":"https:\/\/oxylow.com\/es\/politica-de-privacidad\/#breadcrumb"},"inLanguage":"es","potentialAction":[{"@type":"ReadAction","target":["https:\/\/oxylow.com\/es\/politica-de-privacidad\/"]}]},{"@type":"BreadcrumbList","@id":"https:\/\/oxylow.com\/es\/politica-de-privacidad\/#breadcrumb","itemListElement":[{"@type":"ListItem","position":1,"name":"Home","item":"https:\/\/oxylow.com\/es\/"},{"@type":"ListItem","position":2,"name":"Pol\u00edtica de privacidad"}]},{"@type":"WebSite","@id":"https:\/\/oxylow.com\/es\/#website","url":"https:\/\/oxylow.com\/es\/","name":"Oxylow","description":"Commodity protection","potentialAction":[{"@type":"SearchAction","target":{"@type":"EntryPoint","urlTemplate":"https:\/\/oxylow.com\/es\/?s={search_term_string}"},"query-input":{"@type":"PropertyValueSpecification","valueRequired":true,"valueName":"search_term_string"}}],"inLanguage":"es"}]}},"_links":{"self":[{"href":"https:\/\/oxylow.com\/es\/wp-json\/wp\/v2\/pages\/2426","targetHints":{"allow":["GET"]}}],"collection":[{"href":"https:\/\/oxylow.com\/es\/wp-json\/wp\/v2\/pages"}],"about":[{"href":"https:\/\/oxylow.com\/es\/wp-json\/wp\/v2\/types\/page"}],"author":[{"embeddable":true,"href":"https:\/\/oxylow.com\/es\/wp-json\/wp\/v2\/users\/1"}],"replies":[{"embeddable":true,"href":"https:\/\/oxylow.com\/es\/wp-json\/wp\/v2\/comments?post=2426"}],"version-history":[{"count":3,"href":"https:\/\/oxylow.com\/es\/wp-json\/wp\/v2\/pages\/2426\/revisions"}],"predecessor-version":[{"id":3675,"href":"https:\/\/oxylow.com\/es\/wp-json\/wp\/v2\/pages\/2426\/revisions\/3675"}],"wp:attachment":[{"href":"https:\/\/oxylow.com\/es\/wp-json\/wp\/v2\/media?parent=2426"}],"curies":[{"name":"wp","href":"https:\/\/api.w.org\/{rel}","templated":true}]}}